{"id":9812,"date":"2024-09-24T14:25:44","date_gmt":"2024-09-24T11:25:44","guid":{"rendered":"https:\/\/sensomat.com.tr\/?post_type=product&#038;p=9812"},"modified":"2024-09-24T14:25:45","modified_gmt":"2024-09-24T11:25:45","slug":"ebc112-ifm-t-coupler","status":"publish","type":"product","link":"https:\/\/sensomat.com.tr\/eski\/urun\/ebc112-ifm-t-coupler\/","title":{"rendered":"EBC112 \u0130FM T-COUPLER"},"content":{"rendered":"<p>EBC112 \u0130FM T-COUPLER Y DA\u011eITICI<\/p>\n<div class=\"product-header product-header--desktop\">\n<div class=\"product-header__wrapper\">\n<h3 class=\"product-header__typekey\">ZDO2F030MSS0000-00STGH040MSS<\/h3>\n<\/div>\n<\/div>\n<div class=\"bulletpoint-list\"><\/div>\n<p><a href=\"https:\/\/sensomat.com.tr\/wp-content\/uploads\/2024\/04\/EBC112-00_TR-TR.pdf\">\u00dcr\u00fcn datasheet indirmek i\u00e7in t\u0131klay\u0131n\u0131z.<\/a><\/p>\n<p><a href=\"https:\/\/www.ifm.com\/tr\/tr\/product\/EBC112\">\u00dcr\u00fcnlerin devam\u0131 i\u00e7in t\u0131klay\u0131n\u0131z.<\/a><\/p>\n<p>&nbsp;<\/p>\n<p>M12 G\u0130R\u0130\u015e ile 2xM8 3 Pin \u00e7\u0131k\u0131\u015f<\/p>\n","protected":false},"excerpt":{"rendered":"<p>EBC112 \u0130FM T-COUPLER Y DA\u011eITICI ZDO2F030MSS0000-00STGH040MSS \u00dcr\u00fcn datasheet indirmek i\u00e7in t\u0131klay\u0131n\u0131z. \u00dcr\u00fcnlerin devam\u0131 i\u00e7in t\u0131klay\u0131n\u0131z. &nbsp; M12 G\u0130R\u0130\u015e ile 2xM8<\/p>\n","protected":false},"featured_media":9813,"comment_status":"closed","ping_status":"closed","template":"","meta":[],"product_brand":[],"product_cat":[110],"product_tag":[],"class_list":{"0":"post-9812","1":"product","2":"type-product","3":"status-publish","4":"has-post-thumbnail","6":"product_cat-genel","8":"first","9":"instock","10":"shipping-taxable","11":"product-type-simple"},"yoast_head":"<!-- This site is optimized with the Yoast SEO Premium plugin v23.5 (Yoast SEO v27.0) - https:\/\/yoast.com\/product\/yoast-seo-premium-wordpress\/ -->\n<title>EBC112 \u0130FM T-COUPLER - Sensomat Otomasyon<\/title>\n<meta name=\"description\" content=\"EBC112 \u0130FM T-COUPLER,m8 3pin \u00e7\u0131k\u0131\u015f, m12 giri\u015f,A kod ba\u011flant\u0131, piston sens\u00f6rleri \u00e7oklama, y da\u011f\u0131t\u0131c\u0131, y-coupler, bursa konnekt\u00f6r,m8 konnekt\u00f6r\" \/>\n<meta name=\"robots\" content=\"index, follow, max-snippet:-1, max-image-preview:large, max-video-preview:-1\" \/>\n<link rel=\"canonical\" href=\"https:\/\/sensomat.com.tr\/urun\/ebc112-ifm-t-coupler\/\" \/>\n<meta property=\"og:locale\" content=\"tr_TR\" \/>\n<meta property=\"og:type\" content=\"article\" \/>\n<meta property=\"og:title\" content=\"EBC112 \u0130FM T-COUPLER\" \/>\n<meta property=\"og:description\" content=\"EBC112 \u0130FM T-COUPLER,m8 3pin \u00e7\u0131k\u0131\u015f, m12 giri\u015f,A kod ba\u011flant\u0131, piston sens\u00f6rleri \u00e7oklama, y da\u011f\u0131t\u0131c\u0131, y-coupler, bursa konnekt\u00f6r,m8 konnekt\u00f6r\" \/>\n<meta property=\"og:url\" content=\"https:\/\/sensomat.com.tr\/urun\/ebc112-ifm-t-coupler\/\" \/>\n<meta property=\"og:site_name\" content=\"Sensomat Otomasyon\" \/>\n<meta property=\"article:publisher\" content=\"https:\/\/www.facebook.com\/people\/Sensomat-Sensr-Ve-Otomasyon-Teknolojileri\/61558049040292\/#\" \/>\n<meta property=\"article:modified_time\" content=\"2024-09-24T11:25:45+00:00\" \/>\n<meta property=\"og:image\" content=\"https:\/\/sensomat.com.tr\/wp-content\/uploads\/2024\/09\/EBC112.webp\" \/>\n\t<meta property=\"og:image:width\" content=\"1000\" \/>\n\t<meta property=\"og:image:height\" content=\"1000\" \/>\n\t<meta property=\"og:image:type\" content=\"image\/webp\" \/>\n<meta name=\"twitter:card\" content=\"summary_large_image\" \/>\n<meta name=\"twitter:label1\" content=\"Tahmini okuma s\u00fcresi\" \/>\n\t<meta name=\"twitter:data1\" content=\"1 dakika\" \/>\n<script type=\"application\/ld+json\" class=\"yoast-schema-graph\">{\"@context\":\"https:\/\/schema.org\",\"@graph\":[{\"@type\":\"WebPage\",\"@id\":\"https:\/\/sensomat.com.tr\/urun\/ebc112-ifm-t-coupler\/\",\"url\":\"https:\/\/sensomat.com.tr\/urun\/ebc112-ifm-t-coupler\/\",\"name\":\"EBC112 \u0130FM T-COUPLER - Sensomat Otomasyon\",\"isPartOf\":{\"@id\":\"https:\/\/sensomat.com.tr\/#website\"},\"primaryImageOfPage\":{\"@id\":\"https:\/\/sensomat.com.tr\/urun\/ebc112-ifm-t-coupler\/#primaryimage\"},\"image\":{\"@id\":\"https:\/\/sensomat.com.tr\/urun\/ebc112-ifm-t-coupler\/#primaryimage\"},\"thumbnailUrl\":\"https:\/\/sensomat.com.tr\/eski\/wp-content\/uploads\/2024\/09\/EBC112.webp\",\"datePublished\":\"2024-09-24T11:25:44+00:00\",\"dateModified\":\"2024-09-24T11:25:45+00:00\",\"description\":\"EBC112 \u0130FM T-COUPLER,m8 3pin \u00e7\u0131k\u0131\u015f, m12 giri\u015f,A kod ba\u011flant\u0131, piston sens\u00f6rleri \u00e7oklama, y da\u011f\u0131t\u0131c\u0131, y-coupler, bursa konnekt\u00f6r,m8 konnekt\u00f6r\",\"breadcrumb\":{\"@id\":\"https:\/\/sensomat.com.tr\/urun\/ebc112-ifm-t-coupler\/#breadcrumb\"},\"inLanguage\":\"tr\",\"potentialAction\":[{\"@type\":\"ReadAction\",\"target\":[\"https:\/\/sensomat.com.tr\/urun\/ebc112-ifm-t-coupler\/\"]}]},{\"@type\":\"ImageObject\",\"inLanguage\":\"tr\",\"@id\":\"https:\/\/sensomat.com.tr\/urun\/ebc112-ifm-t-coupler\/#primaryimage\",\"url\":\"https:\/\/sensomat.com.tr\/eski\/wp-content\/uploads\/2024\/09\/EBC112.webp\",\"contentUrl\":\"https:\/\/sensomat.com.tr\/eski\/wp-content\/uploads\/2024\/09\/EBC112.webp\",\"width\":1000,\"height\":1000},{\"@type\":\"BreadcrumbList\",\"@id\":\"https:\/\/sensomat.com.tr\/urun\/ebc112-ifm-t-coupler\/#breadcrumb\",\"itemListElement\":[{\"@type\":\"ListItem\",\"position\":1,\"name\":\"Home\",\"item\":\"https:\/\/sensomat.com.tr\/\"},{\"@type\":\"ListItem\",\"position\":2,\"name\":\"Ma\u011faza\",\"item\":\"https:\/\/sensomat.com.tr\/magaza\/\"},{\"@type\":\"ListItem\",\"position\":3,\"name\":\"EBC112 \u0130FM T-COUPLER\"}]},{\"@type\":\"WebSite\",\"@id\":\"https:\/\/sensomat.com.tr\/#website\",\"url\":\"https:\/\/sensomat.com.tr\/\",\"name\":\"Sensomat Otomasyon\",\"description\":\"Sensomat - T\u00fcrkiye&#039;nin Lider Otomasyon Tedarik\u00e7isi\",\"publisher\":{\"@id\":\"https:\/\/sensomat.com.tr\/#organization\"},\"potentialAction\":[{\"@type\":\"SearchAction\",\"target\":{\"@type\":\"EntryPoint\",\"urlTemplate\":\"https:\/\/sensomat.com.tr\/?s={search_term_string}\"},\"query-input\":{\"@type\":\"PropertyValueSpecification\",\"valueRequired\":true,\"valueName\":\"search_term_string\"}}],\"inLanguage\":\"tr\"},{\"@type\":\"Organization\",\"@id\":\"https:\/\/sensomat.com.tr\/#organization\",\"name\":\"Sensomat Otomasyon\",\"url\":\"https:\/\/sensomat.com.tr\/\",\"logo\":{\"@type\":\"ImageObject\",\"inLanguage\":\"tr\",\"@id\":\"https:\/\/sensomat.com.tr\/#\/schema\/logo\/image\/\",\"url\":\"https:\/\/sensomat.com.tr\/wp-content\/uploads\/2024\/09\/logo-sensomat.png\",\"contentUrl\":\"https:\/\/sensomat.com.tr\/wp-content\/uploads\/2024\/09\/logo-sensomat.png\",\"width\":1536,\"height\":216,\"caption\":\"Sensomat Otomasyon\"},\"image\":{\"@id\":\"https:\/\/sensomat.com.tr\/#\/schema\/logo\/image\/\"},\"sameAs\":[\"https:\/\/www.facebook.com\/people\/Sensomat-Sensr-Ve-Otomasyon-Teknolojileri\/61558049040292\/#\",\"https:\/\/www.linkedin.com\/company\/sensomat-sensr-ve-otomasyon-teknolojileri-san-tic-ltd-ti\/about\/\",\"https:\/\/www.instagram.com\/sensomat16\/\"]}]}<\/script>\n<!-- \/ Yoast SEO Premium plugin. -->","yoast_head_json":{"title":"EBC112 \u0130FM T-COUPLER - Sensomat Otomasyon","description":"EBC112 \u0130FM T-COUPLER,m8 3pin \u00e7\u0131k\u0131\u015f, m12 giri\u015f,A kod ba\u011flant\u0131, piston sens\u00f6rleri \u00e7oklama, y da\u011f\u0131t\u0131c\u0131, y-coupler, bursa konnekt\u00f6r,m8 konnekt\u00f6r","robots":{"index":"index","follow":"follow","max-snippet":"max-snippet:-1","max-image-preview":"max-image-preview:large","max-video-preview":"max-video-preview:-1"},"canonical":"https:\/\/sensomat.com.tr\/urun\/ebc112-ifm-t-coupler\/","og_locale":"tr_TR","og_type":"article","og_title":"EBC112 \u0130FM T-COUPLER","og_description":"EBC112 \u0130FM T-COUPLER,m8 3pin \u00e7\u0131k\u0131\u015f, m12 giri\u015f,A kod ba\u011flant\u0131, piston sens\u00f6rleri \u00e7oklama, y da\u011f\u0131t\u0131c\u0131, y-coupler, bursa konnekt\u00f6r,m8 konnekt\u00f6r","og_url":"https:\/\/sensomat.com.tr\/urun\/ebc112-ifm-t-coupler\/","og_site_name":"Sensomat Otomasyon","article_publisher":"https:\/\/www.facebook.com\/people\/Sensomat-Sensr-Ve-Otomasyon-Teknolojileri\/61558049040292\/#","article_modified_time":"2024-09-24T11:25:45+00:00","og_image":[{"width":1000,"height":1000,"url":"https:\/\/sensomat.com.tr\/wp-content\/uploads\/2024\/09\/EBC112.webp","type":"image\/webp"}],"twitter_card":"summary_large_image","twitter_misc":{"Tahmini okuma s\u00fcresi":"1 dakika"},"schema":{"@context":"https:\/\/schema.org","@graph":[{"@type":"WebPage","@id":"https:\/\/sensomat.com.tr\/urun\/ebc112-ifm-t-coupler\/","url":"https:\/\/sensomat.com.tr\/urun\/ebc112-ifm-t-coupler\/","name":"EBC112 \u0130FM T-COUPLER - Sensomat Otomasyon","isPartOf":{"@id":"https:\/\/sensomat.com.tr\/#website"},"primaryImageOfPage":{"@id":"https:\/\/sensomat.com.tr\/urun\/ebc112-ifm-t-coupler\/#primaryimage"},"image":{"@id":"https:\/\/sensomat.com.tr\/urun\/ebc112-ifm-t-coupler\/#primaryimage"},"thumbnailUrl":"https:\/\/sensomat.com.tr\/eski\/wp-content\/uploads\/2024\/09\/EBC112.webp","datePublished":"2024-09-24T11:25:44+00:00","dateModified":"2024-09-24T11:25:45+00:00","description":"EBC112 \u0130FM T-COUPLER,m8 3pin \u00e7\u0131k\u0131\u015f, m12 giri\u015f,A kod ba\u011flant\u0131, piston sens\u00f6rleri \u00e7oklama, y da\u011f\u0131t\u0131c\u0131, y-coupler, bursa konnekt\u00f6r,m8 konnekt\u00f6r","breadcrumb":{"@id":"https:\/\/sensomat.com.tr\/urun\/ebc112-ifm-t-coupler\/#breadcrumb"},"inLanguage":"tr","potentialAction":[{"@type":"ReadAction","target":["https:\/\/sensomat.com.tr\/urun\/ebc112-ifm-t-coupler\/"]}]},{"@type":"ImageObject","inLanguage":"tr","@id":"https:\/\/sensomat.com.tr\/urun\/ebc112-ifm-t-coupler\/#primaryimage","url":"https:\/\/sensomat.com.tr\/eski\/wp-content\/uploads\/2024\/09\/EBC112.webp","contentUrl":"https:\/\/sensomat.com.tr\/eski\/wp-content\/uploads\/2024\/09\/EBC112.webp","width":1000,"height":1000},{"@type":"BreadcrumbList","@id":"https:\/\/sensomat.com.tr\/urun\/ebc112-ifm-t-coupler\/#breadcrumb","itemListElement":[{"@type":"ListItem","position":1,"name":"Home","item":"https:\/\/sensomat.com.tr\/"},{"@type":"ListItem","position":2,"name":"Ma\u011faza","item":"https:\/\/sensomat.com.tr\/magaza\/"},{"@type":"ListItem","position":3,"name":"EBC112 \u0130FM T-COUPLER"}]},{"@type":"WebSite","@id":"https:\/\/sensomat.com.tr\/#website","url":"https:\/\/sensomat.com.tr\/","name":"Sensomat Otomasyon","description":"Sensomat - T\u00fcrkiye&#039;nin Lider Otomasyon Tedarik\u00e7isi","publisher":{"@id":"https:\/\/sensomat.com.tr\/#organization"},"potentialAction":[{"@type":"SearchAction","target":{"@type":"EntryPoint","urlTemplate":"https:\/\/sensomat.com.tr\/?s={search_term_string}"},"query-input":{"@type":"PropertyValueSpecification","valueRequired":true,"valueName":"search_term_string"}}],"inLanguage":"tr"},{"@type":"Organization","@id":"https:\/\/sensomat.com.tr\/#organization","name":"Sensomat Otomasyon","url":"https:\/\/sensomat.com.tr\/","logo":{"@type":"ImageObject","inLanguage":"tr","@id":"https:\/\/sensomat.com.tr\/#\/schema\/logo\/image\/","url":"https:\/\/sensomat.com.tr\/wp-content\/uploads\/2024\/09\/logo-sensomat.png","contentUrl":"https:\/\/sensomat.com.tr\/wp-content\/uploads\/2024\/09\/logo-sensomat.png","width":1536,"height":216,"caption":"Sensomat Otomasyon"},"image":{"@id":"https:\/\/sensomat.com.tr\/#\/schema\/logo\/image\/"},"sameAs":["https:\/\/www.facebook.com\/people\/Sensomat-Sensr-Ve-Otomasyon-Teknolojileri\/61558049040292\/#","https:\/\/www.linkedin.com\/company\/sensomat-sensr-ve-otomasyon-teknolojileri-san-tic-ltd-ti\/about\/","https:\/\/www.instagram.com\/sensomat16\/"]}]}},"_links":{"self":[{"href":"https:\/\/sensomat.com.tr\/eski\/wp-json\/wp\/v2\/product\/9812","targetHints":{"allow":["GET"]}}],"collection":[{"href":"https:\/\/sensomat.com.tr\/eski\/wp-json\/wp\/v2\/product"}],"about":[{"href":"https:\/\/sensomat.com.tr\/eski\/wp-json\/wp\/v2\/types\/product"}],"replies":[{"embeddable":true,"href":"https:\/\/sensomat.com.tr\/eski\/wp-json\/wp\/v2\/comments?post=9812"}],"version-history":[{"count":0,"href":"https:\/\/sensomat.com.tr\/eski\/wp-json\/wp\/v2\/product\/9812\/revisions"}],"wp:featuredmedia":[{"embeddable":true,"href":"https:\/\/sensomat.com.tr\/eski\/wp-json\/wp\/v2\/media\/9813"}],"wp:attachment":[{"href":"https:\/\/sensomat.com.tr\/eski\/wp-json\/wp\/v2\/media?parent=9812"}],"wp:term":[{"taxonomy":"product_brand","embeddable":true,"href":"https:\/\/sensomat.com.tr\/eski\/wp-json\/wp\/v2\/product_brand?post=9812"},{"taxonomy":"product_cat","embeddable":true,"href":"https:\/\/sensomat.com.tr\/eski\/wp-json\/wp\/v2\/product_cat?post=9812"},{"taxonomy":"product_tag","embeddable":true,"href":"https:\/\/sensomat.com.tr\/eski\/wp-json\/wp\/v2\/product_tag?post=9812"}],"curies":[{"name":"wp","href":"https:\/\/api.w.org\/{rel}","templated":true}]}}