{"id":9768,"date":"2024-09-24T14:25:17","date_gmt":"2024-09-24T11:25:17","guid":{"rendered":"https:\/\/sensomat.com.tr\/?post_type=product&#038;p=9768"},"modified":"2024-09-24T14:25:23","modified_gmt":"2024-09-24T11:25:23","slug":"6av3515-1ma11-siemens-hmi","status":"publish","type":"product","link":"https:\/\/sensomat.com.tr\/eski\/urun\/6av3515-1ma11-siemens-hmi\/","title":{"rendered":"6AV3515-1MA11 S\u0130EMENS HM\u0130"},"content":{"rendered":"<p>6AV3515-1MA11 S\u0130EMENS HM\u0130<\/p>\n","protected":false},"excerpt":{"rendered":"<p>6AV3515-1MA11 S\u0130EMENS HM\u0130<\/p>\n","protected":false},"featured_media":9769,"comment_status":"closed","ping_status":"closed","template":"","meta":[],"product_brand":[],"product_cat":[130],"product_tag":[],"class_list":{"0":"post-9768","1":"product","2":"type-product","3":"status-publish","4":"has-post-thumbnail","6":"product_cat-siemens-hmi","8":"first","9":"outofstock","10":"shipping-taxable","11":"product-type-simple"},"yoast_head":"<!-- This site is optimized with the Yoast SEO Premium plugin v23.5 (Yoast SEO v27.0) - https:\/\/yoast.com\/product\/yoast-seo-premium-wordpress\/ -->\n<title>6AV3515-1MA11 S\u0130EMENS HM\u0130 - Sensomat Otomasyon<\/title>\n<meta name=\"description\" content=\"6AV3515-1MA11\" \/>\n<meta name=\"robots\" content=\"index, follow, max-snippet:-1, max-image-preview:large, max-video-preview:-1\" \/>\n<link rel=\"canonical\" href=\"https:\/\/sensomat.com.tr\/urun\/6av3515-1ma11-siemens-hmi\/\" \/>\n<meta property=\"og:locale\" content=\"tr_TR\" \/>\n<meta property=\"og:type\" content=\"article\" \/>\n<meta property=\"og:title\" content=\"6AV3515-1MA11 S\u0130EMENS HM\u0130\" \/>\n<meta property=\"og:description\" content=\"6AV3515-1MA11\" \/>\n<meta property=\"og:url\" content=\"https:\/\/sensomat.com.tr\/urun\/6av3515-1ma11-siemens-hmi\/\" \/>\n<meta property=\"og:site_name\" content=\"Sensomat Otomasyon\" \/>\n<meta property=\"article:publisher\" content=\"https:\/\/www.facebook.com\/people\/Sensomat-Sensr-Ve-Otomasyon-Teknolojileri\/61558049040292\/#\" \/>\n<meta property=\"article:modified_time\" content=\"2024-09-24T11:25:23+00:00\" \/>\n<meta property=\"og:image\" content=\"https:\/\/sensomat.com.tr\/wp-content\/uploads\/2024\/09\/6AV3515-1MA11-sensomat.webp\" \/>\n\t<meta property=\"og:image:width\" content=\"1000\" \/>\n\t<meta property=\"og:image:height\" content=\"1000\" \/>\n\t<meta property=\"og:image:type\" content=\"image\/webp\" \/>\n<meta name=\"twitter:card\" content=\"summary_large_image\" \/>\n<meta name=\"twitter:label1\" content=\"Tahmini okuma s\u00fcresi\" \/>\n\t<meta name=\"twitter:data1\" content=\"1 dakika\" \/>\n<script type=\"application\/ld+json\" class=\"yoast-schema-graph\">{\"@context\":\"https:\/\/schema.org\",\"@graph\":[{\"@type\":\"WebPage\",\"@id\":\"https:\/\/sensomat.com.tr\/urun\/6av3515-1ma11-siemens-hmi\/\",\"url\":\"https:\/\/sensomat.com.tr\/urun\/6av3515-1ma11-siemens-hmi\/\",\"name\":\"6AV3515-1MA11 S\u0130EMENS HM\u0130 - Sensomat Otomasyon\",\"isPartOf\":{\"@id\":\"https:\/\/sensomat.com.tr\/#website\"},\"primaryImageOfPage\":{\"@id\":\"https:\/\/sensomat.com.tr\/urun\/6av3515-1ma11-siemens-hmi\/#primaryimage\"},\"image\":{\"@id\":\"https:\/\/sensomat.com.tr\/urun\/6av3515-1ma11-siemens-hmi\/#primaryimage\"},\"thumbnailUrl\":\"https:\/\/sensomat.com.tr\/eski\/wp-content\/uploads\/2024\/09\/6AV3515-1MA11-sensomat.webp\",\"datePublished\":\"2024-09-24T11:25:17+00:00\",\"dateModified\":\"2024-09-24T11:25:23+00:00\",\"description\":\"6AV3515-1MA11\",\"breadcrumb\":{\"@id\":\"https:\/\/sensomat.com.tr\/urun\/6av3515-1ma11-siemens-hmi\/#breadcrumb\"},\"inLanguage\":\"tr\",\"potentialAction\":[{\"@type\":\"ReadAction\",\"target\":[\"https:\/\/sensomat.com.tr\/urun\/6av3515-1ma11-siemens-hmi\/\"]}]},{\"@type\":\"ImageObject\",\"inLanguage\":\"tr\",\"@id\":\"https:\/\/sensomat.com.tr\/urun\/6av3515-1ma11-siemens-hmi\/#primaryimage\",\"url\":\"https:\/\/sensomat.com.tr\/eski\/wp-content\/uploads\/2024\/09\/6AV3515-1MA11-sensomat.webp\",\"contentUrl\":\"https:\/\/sensomat.com.tr\/eski\/wp-content\/uploads\/2024\/09\/6AV3515-1MA11-sensomat.webp\",\"width\":1000,\"height\":1000},{\"@type\":\"BreadcrumbList\",\"@id\":\"https:\/\/sensomat.com.tr\/urun\/6av3515-1ma11-siemens-hmi\/#breadcrumb\",\"itemListElement\":[{\"@type\":\"ListItem\",\"position\":1,\"name\":\"Home\",\"item\":\"https:\/\/sensomat.com.tr\/\"},{\"@type\":\"ListItem\",\"position\":2,\"name\":\"Ma\u011faza\",\"item\":\"https:\/\/sensomat.com.tr\/magaza\/\"},{\"@type\":\"ListItem\",\"position\":3,\"name\":\"6AV3515-1MA11 S\u0130EMENS HM\u0130\"}]},{\"@type\":\"WebSite\",\"@id\":\"https:\/\/sensomat.com.tr\/#website\",\"url\":\"https:\/\/sensomat.com.tr\/\",\"name\":\"Sensomat Otomasyon\",\"description\":\"Sensomat - T\u00fcrkiye&#039;nin Lider Otomasyon Tedarik\u00e7isi\",\"publisher\":{\"@id\":\"https:\/\/sensomat.com.tr\/#organization\"},\"potentialAction\":[{\"@type\":\"SearchAction\",\"target\":{\"@type\":\"EntryPoint\",\"urlTemplate\":\"https:\/\/sensomat.com.tr\/?s={search_term_string}\"},\"query-input\":{\"@type\":\"PropertyValueSpecification\",\"valueRequired\":true,\"valueName\":\"search_term_string\"}}],\"inLanguage\":\"tr\"},{\"@type\":\"Organization\",\"@id\":\"https:\/\/sensomat.com.tr\/#organization\",\"name\":\"Sensomat Otomasyon\",\"url\":\"https:\/\/sensomat.com.tr\/\",\"logo\":{\"@type\":\"ImageObject\",\"inLanguage\":\"tr\",\"@id\":\"https:\/\/sensomat.com.tr\/#\/schema\/logo\/image\/\",\"url\":\"https:\/\/sensomat.com.tr\/wp-content\/uploads\/2024\/09\/logo-sensomat.png\",\"contentUrl\":\"https:\/\/sensomat.com.tr\/wp-content\/uploads\/2024\/09\/logo-sensomat.png\",\"width\":1536,\"height\":216,\"caption\":\"Sensomat Otomasyon\"},\"image\":{\"@id\":\"https:\/\/sensomat.com.tr\/#\/schema\/logo\/image\/\"},\"sameAs\":[\"https:\/\/www.facebook.com\/people\/Sensomat-Sensr-Ve-Otomasyon-Teknolojileri\/61558049040292\/#\",\"https:\/\/www.linkedin.com\/company\/sensomat-sensr-ve-otomasyon-teknolojileri-san-tic-ltd-ti\/about\/\",\"https:\/\/www.instagram.com\/sensomat16\/\"]}]}<\/script>\n<!-- \/ Yoast SEO Premium plugin. -->","yoast_head_json":{"title":"6AV3515-1MA11 S\u0130EMENS HM\u0130 - Sensomat Otomasyon","description":"6AV3515-1MA11","robots":{"index":"index","follow":"follow","max-snippet":"max-snippet:-1","max-image-preview":"max-image-preview:large","max-video-preview":"max-video-preview:-1"},"canonical":"https:\/\/sensomat.com.tr\/urun\/6av3515-1ma11-siemens-hmi\/","og_locale":"tr_TR","og_type":"article","og_title":"6AV3515-1MA11 S\u0130EMENS HM\u0130","og_description":"6AV3515-1MA11","og_url":"https:\/\/sensomat.com.tr\/urun\/6av3515-1ma11-siemens-hmi\/","og_site_name":"Sensomat Otomasyon","article_publisher":"https:\/\/www.facebook.com\/people\/Sensomat-Sensr-Ve-Otomasyon-Teknolojileri\/61558049040292\/#","article_modified_time":"2024-09-24T11:25:23+00:00","og_image":[{"width":1000,"height":1000,"url":"https:\/\/sensomat.com.tr\/wp-content\/uploads\/2024\/09\/6AV3515-1MA11-sensomat.webp","type":"image\/webp"}],"twitter_card":"summary_large_image","twitter_misc":{"Tahmini okuma s\u00fcresi":"1 dakika"},"schema":{"@context":"https:\/\/schema.org","@graph":[{"@type":"WebPage","@id":"https:\/\/sensomat.com.tr\/urun\/6av3515-1ma11-siemens-hmi\/","url":"https:\/\/sensomat.com.tr\/urun\/6av3515-1ma11-siemens-hmi\/","name":"6AV3515-1MA11 S\u0130EMENS HM\u0130 - Sensomat Otomasyon","isPartOf":{"@id":"https:\/\/sensomat.com.tr\/#website"},"primaryImageOfPage":{"@id":"https:\/\/sensomat.com.tr\/urun\/6av3515-1ma11-siemens-hmi\/#primaryimage"},"image":{"@id":"https:\/\/sensomat.com.tr\/urun\/6av3515-1ma11-siemens-hmi\/#primaryimage"},"thumbnailUrl":"https:\/\/sensomat.com.tr\/eski\/wp-content\/uploads\/2024\/09\/6AV3515-1MA11-sensomat.webp","datePublished":"2024-09-24T11:25:17+00:00","dateModified":"2024-09-24T11:25:23+00:00","description":"6AV3515-1MA11","breadcrumb":{"@id":"https:\/\/sensomat.com.tr\/urun\/6av3515-1ma11-siemens-hmi\/#breadcrumb"},"inLanguage":"tr","potentialAction":[{"@type":"ReadAction","target":["https:\/\/sensomat.com.tr\/urun\/6av3515-1ma11-siemens-hmi\/"]}]},{"@type":"ImageObject","inLanguage":"tr","@id":"https:\/\/sensomat.com.tr\/urun\/6av3515-1ma11-siemens-hmi\/#primaryimage","url":"https:\/\/sensomat.com.tr\/eski\/wp-content\/uploads\/2024\/09\/6AV3515-1MA11-sensomat.webp","contentUrl":"https:\/\/sensomat.com.tr\/eski\/wp-content\/uploads\/2024\/09\/6AV3515-1MA11-sensomat.webp","width":1000,"height":1000},{"@type":"BreadcrumbList","@id":"https:\/\/sensomat.com.tr\/urun\/6av3515-1ma11-siemens-hmi\/#breadcrumb","itemListElement":[{"@type":"ListItem","position":1,"name":"Home","item":"https:\/\/sensomat.com.tr\/"},{"@type":"ListItem","position":2,"name":"Ma\u011faza","item":"https:\/\/sensomat.com.tr\/magaza\/"},{"@type":"ListItem","position":3,"name":"6AV3515-1MA11 S\u0130EMENS HM\u0130"}]},{"@type":"WebSite","@id":"https:\/\/sensomat.com.tr\/#website","url":"https:\/\/sensomat.com.tr\/","name":"Sensomat Otomasyon","description":"Sensomat - T\u00fcrkiye&#039;nin Lider Otomasyon Tedarik\u00e7isi","publisher":{"@id":"https:\/\/sensomat.com.tr\/#organization"},"potentialAction":[{"@type":"SearchAction","target":{"@type":"EntryPoint","urlTemplate":"https:\/\/sensomat.com.tr\/?s={search_term_string}"},"query-input":{"@type":"PropertyValueSpecification","valueRequired":true,"valueName":"search_term_string"}}],"inLanguage":"tr"},{"@type":"Organization","@id":"https:\/\/sensomat.com.tr\/#organization","name":"Sensomat Otomasyon","url":"https:\/\/sensomat.com.tr\/","logo":{"@type":"ImageObject","inLanguage":"tr","@id":"https:\/\/sensomat.com.tr\/#\/schema\/logo\/image\/","url":"https:\/\/sensomat.com.tr\/wp-content\/uploads\/2024\/09\/logo-sensomat.png","contentUrl":"https:\/\/sensomat.com.tr\/wp-content\/uploads\/2024\/09\/logo-sensomat.png","width":1536,"height":216,"caption":"Sensomat Otomasyon"},"image":{"@id":"https:\/\/sensomat.com.tr\/#\/schema\/logo\/image\/"},"sameAs":["https:\/\/www.facebook.com\/people\/Sensomat-Sensr-Ve-Otomasyon-Teknolojileri\/61558049040292\/#","https:\/\/www.linkedin.com\/company\/sensomat-sensr-ve-otomasyon-teknolojileri-san-tic-ltd-ti\/about\/","https:\/\/www.instagram.com\/sensomat16\/"]}]}},"_links":{"self":[{"href":"https:\/\/sensomat.com.tr\/eski\/wp-json\/wp\/v2\/product\/9768","targetHints":{"allow":["GET"]}}],"collection":[{"href":"https:\/\/sensomat.com.tr\/eski\/wp-json\/wp\/v2\/product"}],"about":[{"href":"https:\/\/sensomat.com.tr\/eski\/wp-json\/wp\/v2\/types\/product"}],"replies":[{"embeddable":true,"href":"https:\/\/sensomat.com.tr\/eski\/wp-json\/wp\/v2\/comments?post=9768"}],"version-history":[{"count":0,"href":"https:\/\/sensomat.com.tr\/eski\/wp-json\/wp\/v2\/product\/9768\/revisions"}],"wp:featuredmedia":[{"embeddable":true,"href":"https:\/\/sensomat.com.tr\/eski\/wp-json\/wp\/v2\/media\/9769"}],"wp:attachment":[{"href":"https:\/\/sensomat.com.tr\/eski\/wp-json\/wp\/v2\/media?parent=9768"}],"wp:term":[{"taxonomy":"product_brand","embeddable":true,"href":"https:\/\/sensomat.com.tr\/eski\/wp-json\/wp\/v2\/product_brand?post=9768"},{"taxonomy":"product_cat","embeddable":true,"href":"https:\/\/sensomat.com.tr\/eski\/wp-json\/wp\/v2\/product_cat?post=9768"},{"taxonomy":"product_tag","embeddable":true,"href":"https:\/\/sensomat.com.tr\/eski\/wp-json\/wp\/v2\/product_tag?post=9768"}],"curies":[{"name":"wp","href":"https:\/\/api.w.org\/{rel}","templated":true}]}}