{"id":9765,"date":"2024-09-24T14:25:10","date_gmt":"2024-09-24T11:25:10","guid":{"rendered":"https:\/\/sensomat.com.tr\/?post_type=product&#038;p=9765"},"modified":"2024-09-24T14:25:16","modified_gmt":"2024-09-24T11:25:16","slug":"6av3515-1eb32-1aa0-siemens-op15-panel","status":"publish","type":"product","link":"https:\/\/sensomat.com.tr\/eski\/urun\/6av3515-1eb32-1aa0-siemens-op15-panel\/","title":{"rendered":"6AV3515-1EB32-1AA0 S\u0130EMENS OP15 PANEL"},"content":{"rendered":"<p>6AV3515-1EB32-1AA0 S\u0130EMENS OP15 PANEL<\/p>\n<div class=\"flex-1 overflow-hidden\">\n<div class=\"react-scroll-to-bottom--css-ufbxh-79elbk h-full\">\n<div class=\"react-scroll-to-bottom--css-ufbxh-1n7m0yu\">\n<div class=\"flex flex-col text-sm pb-9\">\n<div class=\"w-full text-token-text-primary\" data-testid=\"conversation-turn-5\">\n<div class=\"px-4 py-2 justify-center text-base md:gap-6 m-auto\">\n<div class=\"flex flex-1 text-base mx-auto gap-3 md:px-5 lg:px-1 xl:px-5 md:max-w-3xl lg:max-w-[40rem] xl:max-w-[48rem] group final-completion\">\n<div class=\"relative flex w-full flex-col agent-turn\">\n<div class=\"flex-col gap-1 md:gap-3\">\n<div class=\"flex flex-grow flex-col max-w-full\">\n<div class=\"min-h-[20px] text-message flex flex-col items-start gap-3 whitespace-pre-wrap break-words [.text-message+&amp;]:mt-5 overflow-x-auto\" data-message-author-role=\"assistant\" data-message-id=\"8a18e02b-289e-4b0a-88e1-d85c529b74cf\">\n<div class=\"markdown prose w-full break-words dark:prose-invert light\">\n<p>6AV3515-1EB32-1AA0 model numaras\u0131na sahip bir \u00fcr\u00fcn, Siemens&#8217;in OP15 serisi dokunmatik panel cihazlar\u0131ndan biridir. Bu cihaz, end\u00fcstriyel otomasyon uygulamalar\u0131nda kullan\u0131lmaktad\u0131r. Kullan\u0131c\u0131lar, makine ve sistemleri kontrol edebilirler. Bu panel, end\u00fcstriyel ortamlarda g\u00fcvenilirlik ve dayan\u0131kl\u0131l\u0131k gerektiren bir\u00e7ok \u00f6zelli\u011fi i\u00e7ermektedir. \u00d6zellikler aras\u0131nda y\u00fcksek \u00e7\u00f6z\u00fcn\u00fcrl\u00fckl\u00fc dokunmatik ekran, sa\u011flam yap\u0131, \u00e7e\u015fitli ba\u011flant\u0131 se\u00e7enekleri, esnek montaj se\u00e7enekleri ve geni\u015fletilmi\u015f i\u015flevsellik bulunmaktad\u0131r. OP15 panel, kullan\u0131c\u0131 dostu bir aray\u00fcz sunmakta ve sistemlerin verimli bir \u015fekilde kontrol edilmesini sa\u011flamaktad\u0131r. <button class=\"flex items-center gap-1.5 rounded-md p-1 text-xs text-token-text-tertiary hover:text-token-text-primary md:invisible md:group-hover:visible md:group-[.final-completion]:visible\"><\/button><\/p>\n<\/div>\n<\/div>\n<\/div>\n<div class=\"pr-2 lg:pr-0\"><\/div>\n<\/div>\n<div class=\"absolute\">\n<div class=\"flex w-full gap-2 items-center justify-center\"><\/div>\n<\/div>\n<\/div>\n<\/div>\n<\/div>\n<\/div>\n<\/div>\n<\/div>\n<\/div>\n<\/div>\n<div class=\"w-full pt-2 md:pt-0 dark:border-white\/20 md:border-transparent md:dark:border-transparent md:w-[calc(100%-.5rem)]\">\n<form class=\"stretch mx-2 flex flex-row gap-3 last:mb-2 md:mx-4 md:last:mb-6 lg:mx-auto lg:max-w-2xl xl:max-w-3xl\">\n<div class=\"relative flex h-full flex-1 flex-col\">\n<div class=\"absolute bottom-full left-0 right-0\"><\/div>\n<div class=\"flex w-full items-center\"><\/div>\n<\/div>\n<\/form>\n<\/div>\n","protected":false},"excerpt":{"rendered":"<p>6AV3515-1EB32-1AA0 S\u0130EMENS OP15 PANEL 6AV3515-1EB32-1AA0 model numaras\u0131na sahip bir \u00fcr\u00fcn, Siemens&#8217;in OP15 serisi dokunmatik panel cihazlar\u0131ndan biridir. Bu cihaz, end\u00fcstriyel<\/p>\n","protected":false},"featured_media":9766,"comment_status":"closed","ping_status":"closed","template":"","meta":[],"product_brand":[],"product_cat":[130],"product_tag":[],"class_list":{"0":"post-9765","1":"product","2":"type-product","3":"status-publish","4":"has-post-thumbnail","6":"product_cat-siemens-hmi","8":"first","9":"outofstock","10":"shipping-taxable","11":"product-type-simple"},"yoast_head":"<!-- This site is optimized with the Yoast SEO Premium plugin v23.5 (Yoast SEO v27.0) - https:\/\/yoast.com\/product\/yoast-seo-premium-wordpress\/ -->\n<title>6AV3515-1EB32-1AA0 S\u0130EMENS OP15 PANEL - Sensomat Otomasyon<\/title>\n<meta name=\"description\" content=\"6AV3515-1EB32-1AA0 S\u0130EMENS OP15 PANEL\" \/>\n<meta name=\"robots\" content=\"index, follow, max-snippet:-1, max-image-preview:large, max-video-preview:-1\" \/>\n<link rel=\"canonical\" href=\"https:\/\/sensomat.com.tr\/urun\/6av3515-1eb32-1aa0-siemens-op15-panel\/\" \/>\n<meta property=\"og:locale\" content=\"tr_TR\" \/>\n<meta property=\"og:type\" content=\"article\" \/>\n<meta property=\"og:title\" content=\"6AV3515-1EB32-1AA0 S\u0130EMENS OP15 PANEL\" \/>\n<meta property=\"og:description\" content=\"6AV3515-1EB32-1AA0 S\u0130EMENS OP15 PANEL\" \/>\n<meta property=\"og:url\" content=\"https:\/\/sensomat.com.tr\/urun\/6av3515-1eb32-1aa0-siemens-op15-panel\/\" \/>\n<meta property=\"og:site_name\" content=\"Sensomat Otomasyon\" \/>\n<meta property=\"article:publisher\" content=\"https:\/\/www.facebook.com\/people\/Sensomat-Sensr-Ve-Otomasyon-Teknolojileri\/61558049040292\/#\" \/>\n<meta property=\"article:modified_time\" content=\"2024-09-24T11:25:16+00:00\" \/>\n<meta property=\"og:image\" content=\"https:\/\/sensomat.com.tr\/wp-content\/uploads\/2024\/09\/6AV3515-1EB32-1AA0-sensomat.webp\" \/>\n\t<meta property=\"og:image:width\" content=\"1000\" \/>\n\t<meta property=\"og:image:height\" content=\"1000\" \/>\n\t<meta property=\"og:image:type\" content=\"image\/webp\" \/>\n<meta name=\"twitter:card\" content=\"summary_large_image\" \/>\n<meta name=\"twitter:label1\" content=\"Tahmini okuma s\u00fcresi\" \/>\n\t<meta name=\"twitter:data1\" content=\"1 dakika\" \/>\n<script type=\"application\/ld+json\" class=\"yoast-schema-graph\">{\"@context\":\"https:\/\/schema.org\",\"@graph\":[{\"@type\":\"WebPage\",\"@id\":\"https:\/\/sensomat.com.tr\/urun\/6av3515-1eb32-1aa0-siemens-op15-panel\/\",\"url\":\"https:\/\/sensomat.com.tr\/urun\/6av3515-1eb32-1aa0-siemens-op15-panel\/\",\"name\":\"6AV3515-1EB32-1AA0 S\u0130EMENS OP15 PANEL - Sensomat Otomasyon\",\"isPartOf\":{\"@id\":\"https:\/\/sensomat.com.tr\/#website\"},\"primaryImageOfPage\":{\"@id\":\"https:\/\/sensomat.com.tr\/urun\/6av3515-1eb32-1aa0-siemens-op15-panel\/#primaryimage\"},\"image\":{\"@id\":\"https:\/\/sensomat.com.tr\/urun\/6av3515-1eb32-1aa0-siemens-op15-panel\/#primaryimage\"},\"thumbnailUrl\":\"https:\/\/sensomat.com.tr\/eski\/wp-content\/uploads\/2024\/09\/6AV3515-1EB32-1AA0-sensomat.webp\",\"datePublished\":\"2024-09-24T11:25:10+00:00\",\"dateModified\":\"2024-09-24T11:25:16+00:00\",\"description\":\"6AV3515-1EB32-1AA0 S\u0130EMENS OP15 PANEL\",\"breadcrumb\":{\"@id\":\"https:\/\/sensomat.com.tr\/urun\/6av3515-1eb32-1aa0-siemens-op15-panel\/#breadcrumb\"},\"inLanguage\":\"tr\",\"potentialAction\":[{\"@type\":\"ReadAction\",\"target\":[\"https:\/\/sensomat.com.tr\/urun\/6av3515-1eb32-1aa0-siemens-op15-panel\/\"]}]},{\"@type\":\"ImageObject\",\"inLanguage\":\"tr\",\"@id\":\"https:\/\/sensomat.com.tr\/urun\/6av3515-1eb32-1aa0-siemens-op15-panel\/#primaryimage\",\"url\":\"https:\/\/sensomat.com.tr\/eski\/wp-content\/uploads\/2024\/09\/6AV3515-1EB32-1AA0-sensomat.webp\",\"contentUrl\":\"https:\/\/sensomat.com.tr\/eski\/wp-content\/uploads\/2024\/09\/6AV3515-1EB32-1AA0-sensomat.webp\",\"width\":1000,\"height\":1000},{\"@type\":\"BreadcrumbList\",\"@id\":\"https:\/\/sensomat.com.tr\/urun\/6av3515-1eb32-1aa0-siemens-op15-panel\/#breadcrumb\",\"itemListElement\":[{\"@type\":\"ListItem\",\"position\":1,\"name\":\"Home\",\"item\":\"https:\/\/sensomat.com.tr\/\"},{\"@type\":\"ListItem\",\"position\":2,\"name\":\"Ma\u011faza\",\"item\":\"https:\/\/sensomat.com.tr\/magaza\/\"},{\"@type\":\"ListItem\",\"position\":3,\"name\":\"6AV3515-1EB32-1AA0 S\u0130EMENS OP15 PANEL\"}]},{\"@type\":\"WebSite\",\"@id\":\"https:\/\/sensomat.com.tr\/#website\",\"url\":\"https:\/\/sensomat.com.tr\/\",\"name\":\"Sensomat Otomasyon\",\"description\":\"Sensomat - T\u00fcrkiye&#039;nin Lider Otomasyon Tedarik\u00e7isi\",\"publisher\":{\"@id\":\"https:\/\/sensomat.com.tr\/#organization\"},\"potentialAction\":[{\"@type\":\"SearchAction\",\"target\":{\"@type\":\"EntryPoint\",\"urlTemplate\":\"https:\/\/sensomat.com.tr\/?s={search_term_string}\"},\"query-input\":{\"@type\":\"PropertyValueSpecification\",\"valueRequired\":true,\"valueName\":\"search_term_string\"}}],\"inLanguage\":\"tr\"},{\"@type\":\"Organization\",\"@id\":\"https:\/\/sensomat.com.tr\/#organization\",\"name\":\"Sensomat Otomasyon\",\"url\":\"https:\/\/sensomat.com.tr\/\",\"logo\":{\"@type\":\"ImageObject\",\"inLanguage\":\"tr\",\"@id\":\"https:\/\/sensomat.com.tr\/#\/schema\/logo\/image\/\",\"url\":\"https:\/\/sensomat.com.tr\/wp-content\/uploads\/2024\/09\/logo-sensomat.png\",\"contentUrl\":\"https:\/\/sensomat.com.tr\/wp-content\/uploads\/2024\/09\/logo-sensomat.png\",\"width\":1536,\"height\":216,\"caption\":\"Sensomat Otomasyon\"},\"image\":{\"@id\":\"https:\/\/sensomat.com.tr\/#\/schema\/logo\/image\/\"},\"sameAs\":[\"https:\/\/www.facebook.com\/people\/Sensomat-Sensr-Ve-Otomasyon-Teknolojileri\/61558049040292\/#\",\"https:\/\/www.linkedin.com\/company\/sensomat-sensr-ve-otomasyon-teknolojileri-san-tic-ltd-ti\/about\/\",\"https:\/\/www.instagram.com\/sensomat16\/\"]}]}<\/script>\n<!-- \/ Yoast SEO Premium plugin. -->","yoast_head_json":{"title":"6AV3515-1EB32-1AA0 S\u0130EMENS OP15 PANEL - Sensomat Otomasyon","description":"6AV3515-1EB32-1AA0 S\u0130EMENS OP15 PANEL","robots":{"index":"index","follow":"follow","max-snippet":"max-snippet:-1","max-image-preview":"max-image-preview:large","max-video-preview":"max-video-preview:-1"},"canonical":"https:\/\/sensomat.com.tr\/urun\/6av3515-1eb32-1aa0-siemens-op15-panel\/","og_locale":"tr_TR","og_type":"article","og_title":"6AV3515-1EB32-1AA0 S\u0130EMENS OP15 PANEL","og_description":"6AV3515-1EB32-1AA0 S\u0130EMENS OP15 PANEL","og_url":"https:\/\/sensomat.com.tr\/urun\/6av3515-1eb32-1aa0-siemens-op15-panel\/","og_site_name":"Sensomat Otomasyon","article_publisher":"https:\/\/www.facebook.com\/people\/Sensomat-Sensr-Ve-Otomasyon-Teknolojileri\/61558049040292\/#","article_modified_time":"2024-09-24T11:25:16+00:00","og_image":[{"width":1000,"height":1000,"url":"https:\/\/sensomat.com.tr\/wp-content\/uploads\/2024\/09\/6AV3515-1EB32-1AA0-sensomat.webp","type":"image\/webp"}],"twitter_card":"summary_large_image","twitter_misc":{"Tahmini okuma s\u00fcresi":"1 dakika"},"schema":{"@context":"https:\/\/schema.org","@graph":[{"@type":"WebPage","@id":"https:\/\/sensomat.com.tr\/urun\/6av3515-1eb32-1aa0-siemens-op15-panel\/","url":"https:\/\/sensomat.com.tr\/urun\/6av3515-1eb32-1aa0-siemens-op15-panel\/","name":"6AV3515-1EB32-1AA0 S\u0130EMENS OP15 PANEL - Sensomat Otomasyon","isPartOf":{"@id":"https:\/\/sensomat.com.tr\/#website"},"primaryImageOfPage":{"@id":"https:\/\/sensomat.com.tr\/urun\/6av3515-1eb32-1aa0-siemens-op15-panel\/#primaryimage"},"image":{"@id":"https:\/\/sensomat.com.tr\/urun\/6av3515-1eb32-1aa0-siemens-op15-panel\/#primaryimage"},"thumbnailUrl":"https:\/\/sensomat.com.tr\/eski\/wp-content\/uploads\/2024\/09\/6AV3515-1EB32-1AA0-sensomat.webp","datePublished":"2024-09-24T11:25:10+00:00","dateModified":"2024-09-24T11:25:16+00:00","description":"6AV3515-1EB32-1AA0 S\u0130EMENS OP15 PANEL","breadcrumb":{"@id":"https:\/\/sensomat.com.tr\/urun\/6av3515-1eb32-1aa0-siemens-op15-panel\/#breadcrumb"},"inLanguage":"tr","potentialAction":[{"@type":"ReadAction","target":["https:\/\/sensomat.com.tr\/urun\/6av3515-1eb32-1aa0-siemens-op15-panel\/"]}]},{"@type":"ImageObject","inLanguage":"tr","@id":"https:\/\/sensomat.com.tr\/urun\/6av3515-1eb32-1aa0-siemens-op15-panel\/#primaryimage","url":"https:\/\/sensomat.com.tr\/eski\/wp-content\/uploads\/2024\/09\/6AV3515-1EB32-1AA0-sensomat.webp","contentUrl":"https:\/\/sensomat.com.tr\/eski\/wp-content\/uploads\/2024\/09\/6AV3515-1EB32-1AA0-sensomat.webp","width":1000,"height":1000},{"@type":"BreadcrumbList","@id":"https:\/\/sensomat.com.tr\/urun\/6av3515-1eb32-1aa0-siemens-op15-panel\/#breadcrumb","itemListElement":[{"@type":"ListItem","position":1,"name":"Home","item":"https:\/\/sensomat.com.tr\/"},{"@type":"ListItem","position":2,"name":"Ma\u011faza","item":"https:\/\/sensomat.com.tr\/magaza\/"},{"@type":"ListItem","position":3,"name":"6AV3515-1EB32-1AA0 S\u0130EMENS OP15 PANEL"}]},{"@type":"WebSite","@id":"https:\/\/sensomat.com.tr\/#website","url":"https:\/\/sensomat.com.tr\/","name":"Sensomat Otomasyon","description":"Sensomat - T\u00fcrkiye&#039;nin Lider Otomasyon Tedarik\u00e7isi","publisher":{"@id":"https:\/\/sensomat.com.tr\/#organization"},"potentialAction":[{"@type":"SearchAction","target":{"@type":"EntryPoint","urlTemplate":"https:\/\/sensomat.com.tr\/?s={search_term_string}"},"query-input":{"@type":"PropertyValueSpecification","valueRequired":true,"valueName":"search_term_string"}}],"inLanguage":"tr"},{"@type":"Organization","@id":"https:\/\/sensomat.com.tr\/#organization","name":"Sensomat Otomasyon","url":"https:\/\/sensomat.com.tr\/","logo":{"@type":"ImageObject","inLanguage":"tr","@id":"https:\/\/sensomat.com.tr\/#\/schema\/logo\/image\/","url":"https:\/\/sensomat.com.tr\/wp-content\/uploads\/2024\/09\/logo-sensomat.png","contentUrl":"https:\/\/sensomat.com.tr\/wp-content\/uploads\/2024\/09\/logo-sensomat.png","width":1536,"height":216,"caption":"Sensomat Otomasyon"},"image":{"@id":"https:\/\/sensomat.com.tr\/#\/schema\/logo\/image\/"},"sameAs":["https:\/\/www.facebook.com\/people\/Sensomat-Sensr-Ve-Otomasyon-Teknolojileri\/61558049040292\/#","https:\/\/www.linkedin.com\/company\/sensomat-sensr-ve-otomasyon-teknolojileri-san-tic-ltd-ti\/about\/","https:\/\/www.instagram.com\/sensomat16\/"]}]}},"_links":{"self":[{"href":"https:\/\/sensomat.com.tr\/eski\/wp-json\/wp\/v2\/product\/9765","targetHints":{"allow":["GET"]}}],"collection":[{"href":"https:\/\/sensomat.com.tr\/eski\/wp-json\/wp\/v2\/product"}],"about":[{"href":"https:\/\/sensomat.com.tr\/eski\/wp-json\/wp\/v2\/types\/product"}],"replies":[{"embeddable":true,"href":"https:\/\/sensomat.com.tr\/eski\/wp-json\/wp\/v2\/comments?post=9765"}],"version-history":[{"count":0,"href":"https:\/\/sensomat.com.tr\/eski\/wp-json\/wp\/v2\/product\/9765\/revisions"}],"wp:featuredmedia":[{"embeddable":true,"href":"https:\/\/sensomat.com.tr\/eski\/wp-json\/wp\/v2\/media\/9766"}],"wp:attachment":[{"href":"https:\/\/sensomat.com.tr\/eski\/wp-json\/wp\/v2\/media?parent=9765"}],"wp:term":[{"taxonomy":"product_brand","embeddable":true,"href":"https:\/\/sensomat.com.tr\/eski\/wp-json\/wp\/v2\/product_brand?post=9765"},{"taxonomy":"product_cat","embeddable":true,"href":"https:\/\/sensomat.com.tr\/eski\/wp-json\/wp\/v2\/product_cat?post=9765"},{"taxonomy":"product_tag","embeddable":true,"href":"https:\/\/sensomat.com.tr\/eski\/wp-json\/wp\/v2\/product_tag?post=9765"}],"curies":[{"name":"wp","href":"https:\/\/api.w.org\/{rel}","templated":true}]}}