{"id":9699,"date":"2024-09-24T14:24:28","date_gmt":"2024-09-24T11:24:28","guid":{"rendered":"https:\/\/sensomat.com.tr\/?post_type=product&#038;p=9699"},"modified":"2024-09-24T14:24:29","modified_gmt":"2024-09-24T11:24:29","slug":"xzcc8fdm40v-m8-4pin-duz-disi-konnektor","status":"publish","type":"product","link":"https:\/\/sensomat.com.tr\/eski\/urun\/xzcc8fdm40v-m8-4pin-duz-disi-konnektor\/","title":{"rendered":"XZCC8FDM40V M8 4P\u0130N D\u00dcZ D\u0130\u015e\u0130 KONNEKT\u00d6R"},"content":{"rendered":"<p>XZCC8FDM40V M8 4P\u0130N D\u00dcZ D\u0130\u015e\u0130 KONNEKT\u00d6R<\/p>\n<p>&nbsp;<\/p>\n<p><a href=\"https:\/\/www.ops-ecat.schneider-electric.com\/ecat\/downloadPdf.do?conf=sensors&amp;prd_id=XZCC8FDM40V&amp;scp_id=WW_en\">\u00dcr\u00fcn Datasheet indirmek i\u00e7in t\u0131klay\u0131n\u0131z.<\/a><\/p>\n<p><a href=\"https:\/\/sensomat.com.tr\/urun-kategori\/konnektorler\/m8-plastik-konnektorler\/\">\u00dcr\u00fcnlerin devam\u0131n\u0131 g\u00f6rmek i\u00e7in t\u0131klay\u0131n\u0131z.<\/a><\/p>\n<div class=\"card-product\">\n<div class=\"text-key body-caption\">\u00dcr\u00fcn yelpazesi : Telemecanique Kablolama bile\u015fenleri<\/div>\n<\/div>\n<div class=\"card-product\">\n<div class=\"text-key body-caption\">Aksesuar \/ ayr\u0131 par\u00e7a kategorisi :Kablolama aksesuarlar\u0131<\/div>\n<\/div>\n<div class=\"card-product\">\n<div class=\"text-key body-caption\">Aksesuar \/ ayr\u0131 par\u00e7a tipi :Ba\u011flay\u0131c\u0131<\/div>\n<\/div>\n<div class=\"card-product\">\n<div class=\"text-key body-caption\">Elektriksel ba\u011flant\u0131 : D\u00fcz di\u015fi konnekt\u00f6r M8, 4 pimli<\/div>\n<\/div>\n<div class=\"card-product\">\n<div class=\"text-key body-caption\">Yaka malzemesi: Metal<\/div>\n<\/div>\n<div class=\"card-product\">\n<div class=\"text-value body-caption\">Kablo ba\u011flant\u0131s\u0131 :Vampir klips \/ tel boyutu &lt;0,25 mm\u00b2 \/ s\u0131kma kapasitesi 5 mm<\/div>\n<\/div>\n<div>\n<ul>\n<li><strong>\u00dcr\u00fcn Tan\u0131m\u0131:<\/strong> End\u00fcstriyel otomasyon ve sens\u00f6r uygulamalar\u0131nda s\u0131kl\u0131kla kullan\u0131lan XZCC8FDM40V M8 4P\u0130N D\u00dcZ D\u0130\u015e\u0130 KONNEKT\u00d6R, sa\u011flam ba\u011flant\u0131 sa\u011flayacak \u015fekilde tasarlanm\u0131\u015ft\u0131r ve d\u00f6rt pinli d\u00fcz di\u015fli yap\u0131ya sahiptir.<\/li>\n<li><strong>Sat\u0131\u015f Yeri ve \u015eirket:<\/strong> XZCC8FDM40V M8 4P\u0130N D\u00dcZ D\u0130\u015e\u0130 KONNEKT\u00d6R&#8217;\u00fcn sat\u0131\u015f\u0131n\u0131 Bursa&#8217;da bulunan Sensomat Sens\u00f6r ve Otomasyon ger\u00e7ekle\u015ftirmektedir. \u015eirket, end\u00fcstriyel otomasyon ve sens\u00f6rler konusunda uzmanla\u015fm\u0131\u015ft\u0131r.<\/li>\n<li><strong>Hizmetler:<\/strong> M\u00fc\u015fterilere \u00fcr\u00fcn sat\u0131\u015f\u0131n\u0131n yan\u0131 s\u0131ra teknik destek ve dan\u0131\u015fmanl\u0131k hizmetleri sunulmaktad\u0131r. Sensomat Sens\u00f6r ve Otomasyon, m\u00fc\u015fteri ihtiya\u00e7lar\u0131na uygun \u00e7\u00f6z\u00fcmler sunmak i\u00e7in \u00e7al\u0131\u015f\u0131r.<\/li>\n<li><strong>Uygulama Alanlar\u0131:<\/strong> XZCC8FDM40V M8 4P\u0130N D\u00dcZ D\u0130\u015e\u0130 KONNEKT\u00d6R, end\u00fcstriyel robotik sistemler, makine otomasyonu ve ak\u0131ll\u0131 binalarda yayg\u0131n olarak kullan\u0131lmaktad\u0131r.<\/li>\n<li><strong>Kalite Garantisi:<\/strong> Sensomat Sens\u00f6r ve Otomasyon, m\u00fc\u015fterilere g\u00fcvenilir ve end\u00fcstriyel standartlara uygun \u00fcr\u00fcnler sunar.<\/li>\n<\/ul>\n<\/div>\n","protected":false},"excerpt":{"rendered":"<p>XZCC8FDM40V M8 4P\u0130N D\u00dcZ D\u0130\u015e\u0130 KONNEKT\u00d6R &nbsp; \u00dcr\u00fcn Datasheet indirmek i\u00e7in t\u0131klay\u0131n\u0131z. \u00dcr\u00fcnlerin devam\u0131n\u0131 g\u00f6rmek i\u00e7in t\u0131klay\u0131n\u0131z. \u00dcr\u00fcn yelpazesi :<\/p>\n","protected":false},"featured_media":9700,"comment_status":"closed","ping_status":"closed","template":"","meta":[],"product_brand":[],"product_cat":[110],"product_tag":[],"class_list":{"0":"post-9699","1":"product","2":"type-product","3":"status-publish","4":"has-post-thumbnail","6":"product_cat-genel","8":"first","9":"outofstock","10":"shipping-taxable","11":"product-type-simple"},"yoast_head":"<!-- This site is optimized with the Yoast SEO Premium plugin v23.5 (Yoast SEO v27.0) - https:\/\/yoast.com\/product\/yoast-seo-premium-wordpress\/ -->\n<title>XZCC8FDM40V M8 4P\u0130N D\u00dcZ D\u0130\u015e\u0130 KONNEKT\u00d6R - Sensomat Otomasyon<\/title>\n<meta name=\"description\" content=\"XZCC8FDM40V,, bursa telemecanique, konnekt\u00f6r \u00e7e\u015fitleri, robotik uygulamalarda sens\u00f6r ba\u011flant\u0131, vidal\u0131 ba\u011flant\u0131, M0804FS M8 4-Pin Di\u015fi D\u00fcz Soket\" \/>\n<meta name=\"robots\" content=\"index, follow, max-snippet:-1, max-image-preview:large, max-video-preview:-1\" \/>\n<link rel=\"canonical\" href=\"https:\/\/sensomat.com.tr\/urun\/xzcc8fdm40v-m8-4pin-duz-disi-konnektor\/\" \/>\n<meta property=\"og:locale\" content=\"tr_TR\" \/>\n<meta property=\"og:type\" content=\"article\" \/>\n<meta property=\"og:title\" content=\"XZCC8FDM40V M8 4P\u0130N D\u00dcZ D\u0130\u015e\u0130 KONNEKT\u00d6R\" \/>\n<meta property=\"og:description\" content=\"XZCC8FDM40V,, bursa telemecanique, konnekt\u00f6r \u00e7e\u015fitleri, robotik uygulamalarda sens\u00f6r ba\u011flant\u0131, vidal\u0131 ba\u011flant\u0131, M0804FS M8 4-Pin Di\u015fi D\u00fcz Soket\" \/>\n<meta property=\"og:url\" content=\"https:\/\/sensomat.com.tr\/urun\/xzcc8fdm40v-m8-4pin-duz-disi-konnektor\/\" \/>\n<meta property=\"og:site_name\" content=\"Sensomat Otomasyon\" \/>\n<meta property=\"article:publisher\" content=\"https:\/\/www.facebook.com\/people\/Sensomat-Sensr-Ve-Otomasyon-Teknolojileri\/61558049040292\/#\" \/>\n<meta property=\"article:modified_time\" content=\"2024-09-24T11:24:29+00:00\" \/>\n<meta property=\"og:image\" content=\"https:\/\/sensomat.com.tr\/wp-content\/uploads\/2024\/09\/XZCC8FDM40V-m8-4pin-duz-disi.webp\" \/>\n\t<meta property=\"og:image:width\" content=\"1000\" \/>\n\t<meta property=\"og:image:height\" content=\"1000\" \/>\n\t<meta property=\"og:image:type\" content=\"image\/webp\" \/>\n<meta name=\"twitter:card\" content=\"summary_large_image\" \/>\n<meta name=\"twitter:label1\" content=\"Tahmini okuma s\u00fcresi\" \/>\n\t<meta name=\"twitter:data1\" content=\"2 dakika\" \/>\n<script type=\"application\/ld+json\" class=\"yoast-schema-graph\">{\"@context\":\"https:\/\/schema.org\",\"@graph\":[{\"@type\":\"WebPage\",\"@id\":\"https:\/\/sensomat.com.tr\/urun\/xzcc8fdm40v-m8-4pin-duz-disi-konnektor\/\",\"url\":\"https:\/\/sensomat.com.tr\/urun\/xzcc8fdm40v-m8-4pin-duz-disi-konnektor\/\",\"name\":\"XZCC8FDM40V M8 4P\u0130N D\u00dcZ D\u0130\u015e\u0130 KONNEKT\u00d6R - Sensomat Otomasyon\",\"isPartOf\":{\"@id\":\"https:\/\/sensomat.com.tr\/#website\"},\"primaryImageOfPage\":{\"@id\":\"https:\/\/sensomat.com.tr\/urun\/xzcc8fdm40v-m8-4pin-duz-disi-konnektor\/#primaryimage\"},\"image\":{\"@id\":\"https:\/\/sensomat.com.tr\/urun\/xzcc8fdm40v-m8-4pin-duz-disi-konnektor\/#primaryimage\"},\"thumbnailUrl\":\"https:\/\/sensomat.com.tr\/eski\/wp-content\/uploads\/2024\/09\/XZCC8FDM40V-m8-4pin-duz-disi.webp\",\"datePublished\":\"2024-09-24T11:24:28+00:00\",\"dateModified\":\"2024-09-24T11:24:29+00:00\",\"description\":\"XZCC8FDM40V,, bursa telemecanique, konnekt\u00f6r \u00e7e\u015fitleri, robotik uygulamalarda sens\u00f6r ba\u011flant\u0131, vidal\u0131 ba\u011flant\u0131, M0804FS M8 4-Pin Di\u015fi D\u00fcz Soket\",\"breadcrumb\":{\"@id\":\"https:\/\/sensomat.com.tr\/urun\/xzcc8fdm40v-m8-4pin-duz-disi-konnektor\/#breadcrumb\"},\"inLanguage\":\"tr\",\"potentialAction\":[{\"@type\":\"ReadAction\",\"target\":[\"https:\/\/sensomat.com.tr\/urun\/xzcc8fdm40v-m8-4pin-duz-disi-konnektor\/\"]}]},{\"@type\":\"ImageObject\",\"inLanguage\":\"tr\",\"@id\":\"https:\/\/sensomat.com.tr\/urun\/xzcc8fdm40v-m8-4pin-duz-disi-konnektor\/#primaryimage\",\"url\":\"https:\/\/sensomat.com.tr\/eski\/wp-content\/uploads\/2024\/09\/XZCC8FDM40V-m8-4pin-duz-disi.webp\",\"contentUrl\":\"https:\/\/sensomat.com.tr\/eski\/wp-content\/uploads\/2024\/09\/XZCC8FDM40V-m8-4pin-duz-disi.webp\",\"width\":1000,\"height\":1000},{\"@type\":\"BreadcrumbList\",\"@id\":\"https:\/\/sensomat.com.tr\/urun\/xzcc8fdm40v-m8-4pin-duz-disi-konnektor\/#breadcrumb\",\"itemListElement\":[{\"@type\":\"ListItem\",\"position\":1,\"name\":\"Home\",\"item\":\"https:\/\/sensomat.com.tr\/\"},{\"@type\":\"ListItem\",\"position\":2,\"name\":\"Ma\u011faza\",\"item\":\"https:\/\/sensomat.com.tr\/magaza\/\"},{\"@type\":\"ListItem\",\"position\":3,\"name\":\"XZCC8FDM40V M8 4P\u0130N D\u00dcZ D\u0130\u015e\u0130 KONNEKT\u00d6R\"}]},{\"@type\":\"WebSite\",\"@id\":\"https:\/\/sensomat.com.tr\/#website\",\"url\":\"https:\/\/sensomat.com.tr\/\",\"name\":\"Sensomat Otomasyon\",\"description\":\"Sensomat - T\u00fcrkiye&#039;nin Lider Otomasyon Tedarik\u00e7isi\",\"publisher\":{\"@id\":\"https:\/\/sensomat.com.tr\/#organization\"},\"potentialAction\":[{\"@type\":\"SearchAction\",\"target\":{\"@type\":\"EntryPoint\",\"urlTemplate\":\"https:\/\/sensomat.com.tr\/?s={search_term_string}\"},\"query-input\":{\"@type\":\"PropertyValueSpecification\",\"valueRequired\":true,\"valueName\":\"search_term_string\"}}],\"inLanguage\":\"tr\"},{\"@type\":\"Organization\",\"@id\":\"https:\/\/sensomat.com.tr\/#organization\",\"name\":\"Sensomat Otomasyon\",\"url\":\"https:\/\/sensomat.com.tr\/\",\"logo\":{\"@type\":\"ImageObject\",\"inLanguage\":\"tr\",\"@id\":\"https:\/\/sensomat.com.tr\/#\/schema\/logo\/image\/\",\"url\":\"https:\/\/sensomat.com.tr\/wp-content\/uploads\/2024\/09\/logo-sensomat.png\",\"contentUrl\":\"https:\/\/sensomat.com.tr\/wp-content\/uploads\/2024\/09\/logo-sensomat.png\",\"width\":1536,\"height\":216,\"caption\":\"Sensomat Otomasyon\"},\"image\":{\"@id\":\"https:\/\/sensomat.com.tr\/#\/schema\/logo\/image\/\"},\"sameAs\":[\"https:\/\/www.facebook.com\/people\/Sensomat-Sensr-Ve-Otomasyon-Teknolojileri\/61558049040292\/#\",\"https:\/\/www.linkedin.com\/company\/sensomat-sensr-ve-otomasyon-teknolojileri-san-tic-ltd-ti\/about\/\",\"https:\/\/www.instagram.com\/sensomat16\/\"]}]}<\/script>\n<!-- \/ Yoast SEO Premium plugin. -->","yoast_head_json":{"title":"XZCC8FDM40V M8 4P\u0130N D\u00dcZ D\u0130\u015e\u0130 KONNEKT\u00d6R - Sensomat Otomasyon","description":"XZCC8FDM40V,, bursa telemecanique, konnekt\u00f6r \u00e7e\u015fitleri, robotik uygulamalarda sens\u00f6r ba\u011flant\u0131, vidal\u0131 ba\u011flant\u0131, M0804FS M8 4-Pin Di\u015fi D\u00fcz Soket","robots":{"index":"index","follow":"follow","max-snippet":"max-snippet:-1","max-image-preview":"max-image-preview:large","max-video-preview":"max-video-preview:-1"},"canonical":"https:\/\/sensomat.com.tr\/urun\/xzcc8fdm40v-m8-4pin-duz-disi-konnektor\/","og_locale":"tr_TR","og_type":"article","og_title":"XZCC8FDM40V M8 4P\u0130N D\u00dcZ D\u0130\u015e\u0130 KONNEKT\u00d6R","og_description":"XZCC8FDM40V,, bursa telemecanique, konnekt\u00f6r \u00e7e\u015fitleri, robotik uygulamalarda sens\u00f6r ba\u011flant\u0131, vidal\u0131 ba\u011flant\u0131, M0804FS M8 4-Pin Di\u015fi D\u00fcz Soket","og_url":"https:\/\/sensomat.com.tr\/urun\/xzcc8fdm40v-m8-4pin-duz-disi-konnektor\/","og_site_name":"Sensomat Otomasyon","article_publisher":"https:\/\/www.facebook.com\/people\/Sensomat-Sensr-Ve-Otomasyon-Teknolojileri\/61558049040292\/#","article_modified_time":"2024-09-24T11:24:29+00:00","og_image":[{"width":1000,"height":1000,"url":"https:\/\/sensomat.com.tr\/wp-content\/uploads\/2024\/09\/XZCC8FDM40V-m8-4pin-duz-disi.webp","type":"image\/webp"}],"twitter_card":"summary_large_image","twitter_misc":{"Tahmini okuma s\u00fcresi":"2 dakika"},"schema":{"@context":"https:\/\/schema.org","@graph":[{"@type":"WebPage","@id":"https:\/\/sensomat.com.tr\/urun\/xzcc8fdm40v-m8-4pin-duz-disi-konnektor\/","url":"https:\/\/sensomat.com.tr\/urun\/xzcc8fdm40v-m8-4pin-duz-disi-konnektor\/","name":"XZCC8FDM40V M8 4P\u0130N D\u00dcZ D\u0130\u015e\u0130 KONNEKT\u00d6R - Sensomat Otomasyon","isPartOf":{"@id":"https:\/\/sensomat.com.tr\/#website"},"primaryImageOfPage":{"@id":"https:\/\/sensomat.com.tr\/urun\/xzcc8fdm40v-m8-4pin-duz-disi-konnektor\/#primaryimage"},"image":{"@id":"https:\/\/sensomat.com.tr\/urun\/xzcc8fdm40v-m8-4pin-duz-disi-konnektor\/#primaryimage"},"thumbnailUrl":"https:\/\/sensomat.com.tr\/eski\/wp-content\/uploads\/2024\/09\/XZCC8FDM40V-m8-4pin-duz-disi.webp","datePublished":"2024-09-24T11:24:28+00:00","dateModified":"2024-09-24T11:24:29+00:00","description":"XZCC8FDM40V,, bursa telemecanique, konnekt\u00f6r \u00e7e\u015fitleri, robotik uygulamalarda sens\u00f6r ba\u011flant\u0131, vidal\u0131 ba\u011flant\u0131, M0804FS M8 4-Pin Di\u015fi D\u00fcz Soket","breadcrumb":{"@id":"https:\/\/sensomat.com.tr\/urun\/xzcc8fdm40v-m8-4pin-duz-disi-konnektor\/#breadcrumb"},"inLanguage":"tr","potentialAction":[{"@type":"ReadAction","target":["https:\/\/sensomat.com.tr\/urun\/xzcc8fdm40v-m8-4pin-duz-disi-konnektor\/"]}]},{"@type":"ImageObject","inLanguage":"tr","@id":"https:\/\/sensomat.com.tr\/urun\/xzcc8fdm40v-m8-4pin-duz-disi-konnektor\/#primaryimage","url":"https:\/\/sensomat.com.tr\/eski\/wp-content\/uploads\/2024\/09\/XZCC8FDM40V-m8-4pin-duz-disi.webp","contentUrl":"https:\/\/sensomat.com.tr\/eski\/wp-content\/uploads\/2024\/09\/XZCC8FDM40V-m8-4pin-duz-disi.webp","width":1000,"height":1000},{"@type":"BreadcrumbList","@id":"https:\/\/sensomat.com.tr\/urun\/xzcc8fdm40v-m8-4pin-duz-disi-konnektor\/#breadcrumb","itemListElement":[{"@type":"ListItem","position":1,"name":"Home","item":"https:\/\/sensomat.com.tr\/"},{"@type":"ListItem","position":2,"name":"Ma\u011faza","item":"https:\/\/sensomat.com.tr\/magaza\/"},{"@type":"ListItem","position":3,"name":"XZCC8FDM40V M8 4P\u0130N D\u00dcZ D\u0130\u015e\u0130 KONNEKT\u00d6R"}]},{"@type":"WebSite","@id":"https:\/\/sensomat.com.tr\/#website","url":"https:\/\/sensomat.com.tr\/","name":"Sensomat Otomasyon","description":"Sensomat - T\u00fcrkiye&#039;nin Lider Otomasyon Tedarik\u00e7isi","publisher":{"@id":"https:\/\/sensomat.com.tr\/#organization"},"potentialAction":[{"@type":"SearchAction","target":{"@type":"EntryPoint","urlTemplate":"https:\/\/sensomat.com.tr\/?s={search_term_string}"},"query-input":{"@type":"PropertyValueSpecification","valueRequired":true,"valueName":"search_term_string"}}],"inLanguage":"tr"},{"@type":"Organization","@id":"https:\/\/sensomat.com.tr\/#organization","name":"Sensomat Otomasyon","url":"https:\/\/sensomat.com.tr\/","logo":{"@type":"ImageObject","inLanguage":"tr","@id":"https:\/\/sensomat.com.tr\/#\/schema\/logo\/image\/","url":"https:\/\/sensomat.com.tr\/wp-content\/uploads\/2024\/09\/logo-sensomat.png","contentUrl":"https:\/\/sensomat.com.tr\/wp-content\/uploads\/2024\/09\/logo-sensomat.png","width":1536,"height":216,"caption":"Sensomat Otomasyon"},"image":{"@id":"https:\/\/sensomat.com.tr\/#\/schema\/logo\/image\/"},"sameAs":["https:\/\/www.facebook.com\/people\/Sensomat-Sensr-Ve-Otomasyon-Teknolojileri\/61558049040292\/#","https:\/\/www.linkedin.com\/company\/sensomat-sensr-ve-otomasyon-teknolojileri-san-tic-ltd-ti\/about\/","https:\/\/www.instagram.com\/sensomat16\/"]}]}},"_links":{"self":[{"href":"https:\/\/sensomat.com.tr\/eski\/wp-json\/wp\/v2\/product\/9699","targetHints":{"allow":["GET"]}}],"collection":[{"href":"https:\/\/sensomat.com.tr\/eski\/wp-json\/wp\/v2\/product"}],"about":[{"href":"https:\/\/sensomat.com.tr\/eski\/wp-json\/wp\/v2\/types\/product"}],"replies":[{"embeddable":true,"href":"https:\/\/sensomat.com.tr\/eski\/wp-json\/wp\/v2\/comments?post=9699"}],"version-history":[{"count":0,"href":"https:\/\/sensomat.com.tr\/eski\/wp-json\/wp\/v2\/product\/9699\/revisions"}],"wp:featuredmedia":[{"embeddable":true,"href":"https:\/\/sensomat.com.tr\/eski\/wp-json\/wp\/v2\/media\/9700"}],"wp:attachment":[{"href":"https:\/\/sensomat.com.tr\/eski\/wp-json\/wp\/v2\/media?parent=9699"}],"wp:term":[{"taxonomy":"product_brand","embeddable":true,"href":"https:\/\/sensomat.com.tr\/eski\/wp-json\/wp\/v2\/product_brand?post=9699"},{"taxonomy":"product_cat","embeddable":true,"href":"https:\/\/sensomat.com.tr\/eski\/wp-json\/wp\/v2\/product_cat?post=9699"},{"taxonomy":"product_tag","embeddable":true,"href":"https:\/\/sensomat.com.tr\/eski\/wp-json\/wp\/v2\/product_tag?post=9699"}],"curies":[{"name":"wp","href":"https:\/\/api.w.org\/{rel}","templated":true}]}}