{"id":92661,"date":"2025-10-14T15:48:10","date_gmt":"2025-10-14T12:48:10","guid":{"rendered":"https:\/\/sensomat.com.tr\/urun\/clv620-2000-sick-endustriyel-goruntu-isleme-ve-tanimlama-konumlandirma\/"},"modified":"2025-10-14T15:48:11","modified_gmt":"2025-10-14T12:48:11","slug":"clv620-2000-sick-endustriyel-goruntu-isleme-ve-tanimlama-konumlandirma","status":"publish","type":"product","link":"https:\/\/sensomat.com.tr\/eski\/urun\/clv620-2000-sick-endustriyel-goruntu-isleme-ve-tanimlama-konumlandirma\/","title":{"rendered":"CLV620-2000 &#8211; SICK &#8211; End\u00fcstriyel G\u00f6r\u00fcnt\u00fc \u0130\u015fleme ve Tan\u0131mlama Konumland\u0131rma"},"content":{"rendered":"<div class=\"wc-tab-inner\">\n<p>&nbsp;<\/p>\n<p>&nbsp;<\/p>\n<div><\/div>\n<p>&nbsp;<\/p>\n<p>&nbsp;<\/p>\n<p>&nbsp;<\/p>\n<\/p><\/div>\n","protected":false},"excerpt":{"rendered":"<p>&nbsp; &nbsp; &nbsp; &nbsp; &nbsp;<\/p>\n","protected":false},"featured_media":92660,"comment_status":"open","ping_status":"closed","template":"","meta":[],"product_brand":[],"product_cat":[538],"product_tag":[],"class_list":{"0":"post-92661","1":"product","2":"type-product","3":"status-publish","4":"has-post-thumbnail","6":"product_cat-endustriyel-goruntu-isleme-ve-tanimlama-konumlandirma","8":"first","9":"instock","10":"shipping-taxable","11":"product-type-simple"},"yoast_head":"<!-- This site is optimized with the Yoast SEO Premium plugin v23.5 (Yoast SEO v27.0) - https:\/\/yoast.com\/product\/yoast-seo-premium-wordpress\/ -->\n<title>CLV620-2000 - SICK - End\u00fcstriyel G\u00f6r\u00fcnt\u00fc \u0130\u015fleme ve Tan\u0131mlama Konumland\u0131rma - Sensomat Otomasyon<\/title>\n<meta name=\"robots\" content=\"index, follow, max-snippet:-1, max-image-preview:large, max-video-preview:-1\" \/>\n<link rel=\"canonical\" href=\"https:\/\/sensomat.com.tr\/urun\/clv620-2000-sick-endustriyel-goruntu-isleme-ve-tanimlama-konumlandirma\/\" \/>\n<meta property=\"og:locale\" content=\"tr_TR\" \/>\n<meta property=\"og:type\" content=\"article\" \/>\n<meta property=\"og:title\" content=\"CLV620-2000 - SICK - End\u00fcstriyel G\u00f6r\u00fcnt\u00fc \u0130\u015fleme ve Tan\u0131mlama Konumland\u0131rma\" \/>\n<meta property=\"og:description\" content=\"&nbsp; &nbsp; &nbsp; &nbsp; &nbsp;\" \/>\n<meta property=\"og:url\" content=\"https:\/\/sensomat.com.tr\/urun\/clv620-2000-sick-endustriyel-goruntu-isleme-ve-tanimlama-konumlandirma\/\" \/>\n<meta property=\"og:site_name\" content=\"Sensomat Otomasyon\" \/>\n<meta property=\"article:publisher\" content=\"https:\/\/www.facebook.com\/people\/Sensomat-Sensr-Ve-Otomasyon-Teknolojileri\/61558049040292\/#\" \/>\n<meta property=\"article:modified_time\" content=\"2025-10-14T12:48:11+00:00\" \/>\n<meta name=\"twitter:card\" content=\"summary_large_image\" \/>\n<script type=\"application\/ld+json\" class=\"yoast-schema-graph\">{\"@context\":\"https:\/\/schema.org\",\"@graph\":[{\"@type\":\"WebPage\",\"@id\":\"https:\/\/sensomat.com.tr\/urun\/clv620-2000-sick-endustriyel-goruntu-isleme-ve-tanimlama-konumlandirma\/\",\"url\":\"https:\/\/sensomat.com.tr\/urun\/clv620-2000-sick-endustriyel-goruntu-isleme-ve-tanimlama-konumlandirma\/\",\"name\":\"CLV620-2000 - SICK - End\u00fcstriyel G\u00f6r\u00fcnt\u00fc \u0130\u015fleme ve Tan\u0131mlama Konumland\u0131rma - Sensomat Otomasyon\",\"isPartOf\":{\"@id\":\"https:\/\/sensomat.com.tr\/#website\"},\"primaryImageOfPage\":{\"@id\":\"https:\/\/sensomat.com.tr\/urun\/clv620-2000-sick-endustriyel-goruntu-isleme-ve-tanimlama-konumlandirma\/#primaryimage\"},\"image\":{\"@id\":\"https:\/\/sensomat.com.tr\/urun\/clv620-2000-sick-endustriyel-goruntu-isleme-ve-tanimlama-konumlandirma\/#primaryimage\"},\"thumbnailUrl\":\"https:\/\/sensomat.com.tr\/eski\/wp-content\/uploads\/2025\/10\/screenshot-2024-06-13T133302.412.jpeg\",\"datePublished\":\"2025-10-14T12:48:10+00:00\",\"dateModified\":\"2025-10-14T12:48:11+00:00\",\"breadcrumb\":{\"@id\":\"https:\/\/sensomat.com.tr\/urun\/clv620-2000-sick-endustriyel-goruntu-isleme-ve-tanimlama-konumlandirma\/#breadcrumb\"},\"inLanguage\":\"tr\",\"potentialAction\":[{\"@type\":\"ReadAction\",\"target\":[\"https:\/\/sensomat.com.tr\/urun\/clv620-2000-sick-endustriyel-goruntu-isleme-ve-tanimlama-konumlandirma\/\"]}]},{\"@type\":\"ImageObject\",\"inLanguage\":\"tr\",\"@id\":\"https:\/\/sensomat.com.tr\/urun\/clv620-2000-sick-endustriyel-goruntu-isleme-ve-tanimlama-konumlandirma\/#primaryimage\",\"url\":\"https:\/\/sensomat.com.tr\/eski\/wp-content\/uploads\/2025\/10\/screenshot-2024-06-13T133302.412.jpeg\",\"contentUrl\":\"https:\/\/sensomat.com.tr\/eski\/wp-content\/uploads\/2025\/10\/screenshot-2024-06-13T133302.412.jpeg\",\"width\":353,\"height\":352},{\"@type\":\"BreadcrumbList\",\"@id\":\"https:\/\/sensomat.com.tr\/urun\/clv620-2000-sick-endustriyel-goruntu-isleme-ve-tanimlama-konumlandirma\/#breadcrumb\",\"itemListElement\":[{\"@type\":\"ListItem\",\"position\":1,\"name\":\"Home\",\"item\":\"https:\/\/sensomat.com.tr\/\"},{\"@type\":\"ListItem\",\"position\":2,\"name\":\"Ma\u011faza\",\"item\":\"https:\/\/sensomat.com.tr\/magaza\/\"},{\"@type\":\"ListItem\",\"position\":3,\"name\":\"CLV620-2000 &#8211; SICK &#8211; End\u00fcstriyel G\u00f6r\u00fcnt\u00fc \u0130\u015fleme ve Tan\u0131mlama Konumland\u0131rma\"}]},{\"@type\":\"WebSite\",\"@id\":\"https:\/\/sensomat.com.tr\/#website\",\"url\":\"https:\/\/sensomat.com.tr\/\",\"name\":\"Sensomat Otomasyon\",\"description\":\"Sensomat - T\u00fcrkiye&#039;nin Lider Otomasyon Tedarik\u00e7isi\",\"publisher\":{\"@id\":\"https:\/\/sensomat.com.tr\/#organization\"},\"potentialAction\":[{\"@type\":\"SearchAction\",\"target\":{\"@type\":\"EntryPoint\",\"urlTemplate\":\"https:\/\/sensomat.com.tr\/?s={search_term_string}\"},\"query-input\":{\"@type\":\"PropertyValueSpecification\",\"valueRequired\":true,\"valueName\":\"search_term_string\"}}],\"inLanguage\":\"tr\"},{\"@type\":\"Organization\",\"@id\":\"https:\/\/sensomat.com.tr\/#organization\",\"name\":\"Sensomat Otomasyon\",\"url\":\"https:\/\/sensomat.com.tr\/\",\"logo\":{\"@type\":\"ImageObject\",\"inLanguage\":\"tr\",\"@id\":\"https:\/\/sensomat.com.tr\/#\/schema\/logo\/image\/\",\"url\":\"https:\/\/sensomat.com.tr\/wp-content\/uploads\/2024\/09\/logo-sensomat.png\",\"contentUrl\":\"https:\/\/sensomat.com.tr\/wp-content\/uploads\/2024\/09\/logo-sensomat.png\",\"width\":1536,\"height\":216,\"caption\":\"Sensomat Otomasyon\"},\"image\":{\"@id\":\"https:\/\/sensomat.com.tr\/#\/schema\/logo\/image\/\"},\"sameAs\":[\"https:\/\/www.facebook.com\/people\/Sensomat-Sensr-Ve-Otomasyon-Teknolojileri\/61558049040292\/#\",\"https:\/\/www.linkedin.com\/company\/sensomat-sensr-ve-otomasyon-teknolojileri-san-tic-ltd-ti\/about\/\",\"https:\/\/www.instagram.com\/sensomat16\/\"]}]}<\/script>\n<!-- \/ Yoast SEO Premium plugin. -->","yoast_head_json":{"title":"CLV620-2000 - SICK - End\u00fcstriyel G\u00f6r\u00fcnt\u00fc \u0130\u015fleme ve Tan\u0131mlama Konumland\u0131rma - Sensomat Otomasyon","robots":{"index":"index","follow":"follow","max-snippet":"max-snippet:-1","max-image-preview":"max-image-preview:large","max-video-preview":"max-video-preview:-1"},"canonical":"https:\/\/sensomat.com.tr\/urun\/clv620-2000-sick-endustriyel-goruntu-isleme-ve-tanimlama-konumlandirma\/","og_locale":"tr_TR","og_type":"article","og_title":"CLV620-2000 - SICK - End\u00fcstriyel G\u00f6r\u00fcnt\u00fc \u0130\u015fleme ve Tan\u0131mlama Konumland\u0131rma","og_description":"&nbsp; &nbsp; &nbsp; &nbsp; &nbsp;","og_url":"https:\/\/sensomat.com.tr\/urun\/clv620-2000-sick-endustriyel-goruntu-isleme-ve-tanimlama-konumlandirma\/","og_site_name":"Sensomat Otomasyon","article_publisher":"https:\/\/www.facebook.com\/people\/Sensomat-Sensr-Ve-Otomasyon-Teknolojileri\/61558049040292\/#","article_modified_time":"2025-10-14T12:48:11+00:00","twitter_card":"summary_large_image","schema":{"@context":"https:\/\/schema.org","@graph":[{"@type":"WebPage","@id":"https:\/\/sensomat.com.tr\/urun\/clv620-2000-sick-endustriyel-goruntu-isleme-ve-tanimlama-konumlandirma\/","url":"https:\/\/sensomat.com.tr\/urun\/clv620-2000-sick-endustriyel-goruntu-isleme-ve-tanimlama-konumlandirma\/","name":"CLV620-2000 - SICK - End\u00fcstriyel G\u00f6r\u00fcnt\u00fc \u0130\u015fleme ve Tan\u0131mlama Konumland\u0131rma - Sensomat Otomasyon","isPartOf":{"@id":"https:\/\/sensomat.com.tr\/#website"},"primaryImageOfPage":{"@id":"https:\/\/sensomat.com.tr\/urun\/clv620-2000-sick-endustriyel-goruntu-isleme-ve-tanimlama-konumlandirma\/#primaryimage"},"image":{"@id":"https:\/\/sensomat.com.tr\/urun\/clv620-2000-sick-endustriyel-goruntu-isleme-ve-tanimlama-konumlandirma\/#primaryimage"},"thumbnailUrl":"https:\/\/sensomat.com.tr\/eski\/wp-content\/uploads\/2025\/10\/screenshot-2024-06-13T133302.412.jpeg","datePublished":"2025-10-14T12:48:10+00:00","dateModified":"2025-10-14T12:48:11+00:00","breadcrumb":{"@id":"https:\/\/sensomat.com.tr\/urun\/clv620-2000-sick-endustriyel-goruntu-isleme-ve-tanimlama-konumlandirma\/#breadcrumb"},"inLanguage":"tr","potentialAction":[{"@type":"ReadAction","target":["https:\/\/sensomat.com.tr\/urun\/clv620-2000-sick-endustriyel-goruntu-isleme-ve-tanimlama-konumlandirma\/"]}]},{"@type":"ImageObject","inLanguage":"tr","@id":"https:\/\/sensomat.com.tr\/urun\/clv620-2000-sick-endustriyel-goruntu-isleme-ve-tanimlama-konumlandirma\/#primaryimage","url":"https:\/\/sensomat.com.tr\/eski\/wp-content\/uploads\/2025\/10\/screenshot-2024-06-13T133302.412.jpeg","contentUrl":"https:\/\/sensomat.com.tr\/eski\/wp-content\/uploads\/2025\/10\/screenshot-2024-06-13T133302.412.jpeg","width":353,"height":352},{"@type":"BreadcrumbList","@id":"https:\/\/sensomat.com.tr\/urun\/clv620-2000-sick-endustriyel-goruntu-isleme-ve-tanimlama-konumlandirma\/#breadcrumb","itemListElement":[{"@type":"ListItem","position":1,"name":"Home","item":"https:\/\/sensomat.com.tr\/"},{"@type":"ListItem","position":2,"name":"Ma\u011faza","item":"https:\/\/sensomat.com.tr\/magaza\/"},{"@type":"ListItem","position":3,"name":"CLV620-2000 &#8211; SICK &#8211; End\u00fcstriyel G\u00f6r\u00fcnt\u00fc \u0130\u015fleme ve Tan\u0131mlama Konumland\u0131rma"}]},{"@type":"WebSite","@id":"https:\/\/sensomat.com.tr\/#website","url":"https:\/\/sensomat.com.tr\/","name":"Sensomat Otomasyon","description":"Sensomat - T\u00fcrkiye&#039;nin Lider Otomasyon Tedarik\u00e7isi","publisher":{"@id":"https:\/\/sensomat.com.tr\/#organization"},"potentialAction":[{"@type":"SearchAction","target":{"@type":"EntryPoint","urlTemplate":"https:\/\/sensomat.com.tr\/?s={search_term_string}"},"query-input":{"@type":"PropertyValueSpecification","valueRequired":true,"valueName":"search_term_string"}}],"inLanguage":"tr"},{"@type":"Organization","@id":"https:\/\/sensomat.com.tr\/#organization","name":"Sensomat Otomasyon","url":"https:\/\/sensomat.com.tr\/","logo":{"@type":"ImageObject","inLanguage":"tr","@id":"https:\/\/sensomat.com.tr\/#\/schema\/logo\/image\/","url":"https:\/\/sensomat.com.tr\/wp-content\/uploads\/2024\/09\/logo-sensomat.png","contentUrl":"https:\/\/sensomat.com.tr\/wp-content\/uploads\/2024\/09\/logo-sensomat.png","width":1536,"height":216,"caption":"Sensomat Otomasyon"},"image":{"@id":"https:\/\/sensomat.com.tr\/#\/schema\/logo\/image\/"},"sameAs":["https:\/\/www.facebook.com\/people\/Sensomat-Sensr-Ve-Otomasyon-Teknolojileri\/61558049040292\/#","https:\/\/www.linkedin.com\/company\/sensomat-sensr-ve-otomasyon-teknolojileri-san-tic-ltd-ti\/about\/","https:\/\/www.instagram.com\/sensomat16\/"]}]}},"_links":{"self":[{"href":"https:\/\/sensomat.com.tr\/eski\/wp-json\/wp\/v2\/product\/92661","targetHints":{"allow":["GET"]}}],"collection":[{"href":"https:\/\/sensomat.com.tr\/eski\/wp-json\/wp\/v2\/product"}],"about":[{"href":"https:\/\/sensomat.com.tr\/eski\/wp-json\/wp\/v2\/types\/product"}],"replies":[{"embeddable":true,"href":"https:\/\/sensomat.com.tr\/eski\/wp-json\/wp\/v2\/comments?post=92661"}],"version-history":[{"count":0,"href":"https:\/\/sensomat.com.tr\/eski\/wp-json\/wp\/v2\/product\/92661\/revisions"}],"wp:featuredmedia":[{"embeddable":true,"href":"https:\/\/sensomat.com.tr\/eski\/wp-json\/wp\/v2\/media\/92660"}],"wp:attachment":[{"href":"https:\/\/sensomat.com.tr\/eski\/wp-json\/wp\/v2\/media?parent=92661"}],"wp:term":[{"taxonomy":"product_brand","embeddable":true,"href":"https:\/\/sensomat.com.tr\/eski\/wp-json\/wp\/v2\/product_brand?post=92661"},{"taxonomy":"product_cat","embeddable":true,"href":"https:\/\/sensomat.com.tr\/eski\/wp-json\/wp\/v2\/product_cat?post=92661"},{"taxonomy":"product_tag","embeddable":true,"href":"https:\/\/sensomat.com.tr\/eski\/wp-json\/wp\/v2\/product_tag?post=92661"}],"curies":[{"name":"wp","href":"https:\/\/api.w.org\/{rel}","templated":true}]}}