{"id":28682,"date":"2024-11-02T16:01:54","date_gmt":"2024-11-02T13:01:54","guid":{"rendered":"https:\/\/sensomat.com.tr\/?post_type=product&#038;p=28682"},"modified":"2024-11-02T16:01:55","modified_gmt":"2024-11-02T13:01:55","slug":"6ag1124-0gc13-2ax0-siemens-hmi-ekran","status":"publish","type":"product","link":"https:\/\/sensomat.com.tr\/eski\/urun\/6ag1124-0gc13-2ax0-siemens-hmi-ekran\/","title":{"rendered":"6AG1124-0GC13-2AX0 SIEMENS HMI EKRAN"},"content":{"rendered":"<h1>6AG1124-0GC13-2AX0 SIEMENS HMI EKRAN<\/h1>\n<p>End\u00fcstriyel otomasyon sistemlerinde kullan\u0131c\u0131 ile makine aras\u0131ndaki ileti\u015fimi sa\u011flamak i\u00e7in <strong>HMI (Human-Machine Interface)<\/strong> ekranlar\u0131 kritik bir rol oynamaktad\u0131r. SIEMENS, bu ihtiyac\u0131 kar\u015f\u0131lamak amac\u0131yla geli\u015ftirdi\u011fi <strong>6AG1124-0GC13-2AX0<\/strong> model HMI ekran ile dikkat \u00e7ekmektedir. Bu makalede, <strong>6AG1124-0GC13-2AX0 modelinin<\/strong> \u00f6zellikleri, avantajlar\u0131 ve kullan\u0131m alanlar\u0131 detayl\u0131 bir \u015fekilde incelenecektir.<\/p>\n<h2>Teknik \u00d6zellikler ve Performans: SIPLUS HMI TP700 Comfort Outdoor ile Geli\u015fmi\u015f Ekran Deneyimi<\/h2>\n<p><strong>6AG1124-0GC13-2AX0<\/strong> modeli, a\u015fa\u011f\u0131daki teknik \u00f6zelliklerle donat\u0131lm\u0131\u015ft\u0131r:<\/p>\n<ul>\n<li><strong>Model:<\/strong> SIPLUS HMI TP700 Comfort Outdoor<\/li>\n<li><strong>Temel Altyap\u0131:<\/strong> Based on 6AV2124-0GC13-0AX0<\/li>\n<li><strong>Kaplama:<\/strong> Conformal Coating<\/li>\n<li><strong>\u00c7al\u0131\u015fma S\u0131cakl\u0131\u011f\u0131 Aral\u0131\u011f\u0131:<\/strong> -30\u2026+60 \u00b0C<\/li>\n<li><strong>Ekran Boyutu:<\/strong> 7&#8243; Widescreen TFT Display<\/li>\n<li><strong>Renk Deste\u011fi:<\/strong> 16 Million Colors<\/li>\n<li><strong>Ba\u011flant\u0131 Aray\u00fczleri:<\/strong>\n<ul>\n<li>PROFINET Interfaces<\/li>\n<li>MPI\/PROFIBUS DP Interface<\/li>\n<\/ul>\n<\/li>\n<li><strong>Konfig\u00fcrasyon Haf\u0131zas\u0131:<\/strong> 12 MB<\/li>\n<\/ul>\n<p>Bu \u00f6zellikler, kullan\u0131c\u0131lar\u0131n geni\u015f bir s\u0131cakl\u0131k aral\u0131\u011f\u0131nda g\u00fcvenilir bir \u015fekilde \u00e7al\u0131\u015fmas\u0131na olanak tan\u0131r. <strong>Conformal coating<\/strong> ile korunan ekran, d\u0131\u015f etkenlere kar\u015f\u0131 dayan\u0131kl\u0131l\u0131k sa\u011flar ve <strong>geli\u015fmi\u015f grafik \u00f6zellikleri<\/strong> ile y\u00fcksek g\u00f6rsel kalitesi, operat\u00f6rlerin verimlili\u011fini art\u0131r\u0131r.<\/p>\n<h2>Avantajlar\u0131 ve \u00d6zelle\u015ftirme Se\u00e7enekleri: End\u00fcstriyel Otomasyon i\u00e7in \u0130novatif \u00c7\u00f6z\u00fcmler<\/h2>\n<p><strong>HMI ekran\u0131n\u0131n<\/strong> sa\u011flad\u0131\u011f\u0131 en b\u00fcy\u00fck avantajlardan biri, esnek yap\u0131land\u0131rma se\u00e7enekleridir. Kullan\u0131c\u0131lar, ihtiya\u00e7lar\u0131na g\u00f6re ekran\u0131 \u00f6zelle\u015ftirerek en verimli deneyimi elde edebilir. <strong>SIEMENS&#8217;in sa\u011flam yap\u0131s\u0131<\/strong>, zorlu end\u00fcstriyel ko\u015fullara dayan\u0131kl\u0131l\u0131k g\u00f6sterir. Uzun \u00f6m\u00fcrl\u00fc olmas\u0131n\u0131n yan\u0131 s\u0131ra, <strong>bak\u0131m maliyetlerini azaltarak<\/strong> i\u015fletmelere ekonomik avantajlar sa\u011flar. Ayr\u0131ca, ekran\u0131n <strong>h\u0131zl\u0131 yan\u0131t s\u00fcreleri<\/strong>, operat\u00f6rlerin m\u00fcdahalelerini daha etkin bir \u015fekilde ger\u00e7ekle\u015ftirmesine olanak tan\u0131r.<\/p>\n<h2>Kullan\u0131m Alanlar\u0131 ve Uygulamalar: Otomasyon Sistemleri ve Makine Kontrol\u00fc<\/h2>\n<p><strong>SIEMENS HMI ekran\u0131<\/strong>, \u00e7e\u015fitli end\u00fcstri alanlar\u0131nda kullan\u0131lmaktad\u0131r. <strong>Otomasyon sistemleri, makine kontrol\u00fc<\/strong> ve <strong>\u00fcretim hatt\u0131 izleme<\/strong> gibi alanlarda etkin bir \u015fekilde g\u00f6rev almaktad\u0131r. Kullan\u0131c\u0131lar, ekran arac\u0131l\u0131\u011f\u0131yla anl\u0131k verileri takip edebilir, sistem durumunu g\u00f6zlemleyebilir ve gerekti\u011finde h\u0131zl\u0131 m\u00fcdahalelerde bulunabilir. Bu sayede, end\u00fcstriyel s\u00fcre\u00e7lerin y\u00f6netimi daha verimli hale gelir.<\/p>\n<h2>Sonu\u00e7: SIEMENS HMI Ekranlar\u0131 ile Y\u00fcksek Performans ve G\u00fcvenilirlik<\/h2>\n<p>Sonu\u00e7 olarak, <strong>6AG1124-0GC13-2AX0 SIEMENS HMI ekran\u0131<\/strong>, kullan\u0131c\u0131 dostu aray\u00fcz\u00fc ve dayan\u0131kl\u0131 yap\u0131s\u0131yla end\u00fcstriyel otomasyon sistemlerinde \u00f6nemli bir rol oynamaktad\u0131r. Y\u00fcksek performans\u0131 ve esnek yap\u0131land\u0131rma se\u00e7enekleri sayesinde, farkl\u0131 sekt\u00f6rlerde etkili \u00e7\u00f6z\u00fcmler sunmaktad\u0131r. <strong>SIEMENS<\/strong>\u2019in bu modeli, otomasyon \u00e7\u00f6z\u00fcmlerine de\u011fer katarak kullan\u0131c\u0131lar\u0131n ihtiya\u00e7lar\u0131n\u0131 kar\u015f\u0131lamaktad\u0131r.<\/p>\n","protected":false},"excerpt":{"rendered":"<ul>\n<li><strong>Model:<\/strong> SIPLUS HMI TP700 Comfort Outdoor<\/li>\n<li><strong>Temel Altyap\u0131:<\/strong> Based on 6AV2124-0GC13-0AX0<\/li>\n<li><strong>Kaplama:<\/strong> Conformal Coating<\/li>\n<li><strong>\u00c7al\u0131\u015fma S\u0131cakl\u0131\u011f\u0131 Aral\u0131\u011f\u0131:<\/strong> -30\u2026+60 \u00b0C<\/li>\n<li><strong>Ekran Boyutu:<\/strong> 7&#8243; Widescreen TFT Display<\/li>\n<li><strong>Renk Deste\u011fi:<\/strong> 16 Million Colors<\/li>\n<li><strong>Ba\u011flant\u0131 Aray\u00fczleri:<\/strong>\n<ul>\n<li>PROFINET Interfaces<\/li>\n<li>MPI\/PROFIBUS DP Interface<\/li>\n<\/ul>\n<\/li>\n<li><strong>Konfig\u00fcrasyon Haf\u0131zas\u0131:<\/strong> 12 MB<\/li>\n<\/ul>\n","protected":false},"featured_media":28701,"comment_status":"open","ping_status":"closed","template":"","meta":[],"product_brand":[],"product_cat":[126,130],"product_tag":[],"class_list":{"0":"post-28682","1":"product","2":"type-product","3":"status-publish","4":"has-post-thumbnail","6":"product_cat-siemens","7":"product_cat-siemens-hmi","9":"first","10":"instock","11":"shipping-taxable","12":"product-type-simple"},"yoast_head":"<!-- This site is optimized with the Yoast SEO Premium plugin v23.5 (Yoast SEO v27.0) - https:\/\/yoast.com\/product\/yoast-seo-premium-wordpress\/ -->\n<title>6AG1124-0GC13-2AX0 SIEMENS HMI EKRAN - Sensomat Otomasyon<\/title>\n<meta name=\"description\" content=\"6AG1124-0GC13-2AX0 SIEMENS HMI EKRAN i\u00e7in Bursa Ofisimiz ile ileti\u015fime ge\u00e7ip uzman kadromuzdan teknik destek al\u0131p online sipari\u015f olu\u015fturabilirsiniz.\" \/>\n<meta name=\"robots\" content=\"index, follow, max-snippet:-1, max-image-preview:large, max-video-preview:-1\" \/>\n<link rel=\"canonical\" href=\"https:\/\/sensomat.com.tr\/urun\/6ag1124-0gc13-2ax0-siemens-hmi-ekran\/\" \/>\n<meta property=\"og:locale\" content=\"tr_TR\" \/>\n<meta property=\"og:type\" content=\"article\" \/>\n<meta property=\"og:title\" content=\"6AG1124-0GC13-2AX0 SIEMENS HMI EKRAN\" \/>\n<meta property=\"og:description\" content=\"6AG1124-0GC13-2AX0 SIEMENS HMI EKRAN i\u00e7in Bursa Ofisimiz ile ileti\u015fime ge\u00e7ip uzman kadromuzdan teknik destek al\u0131p online sipari\u015f olu\u015fturabilirsiniz.\" \/>\n<meta property=\"og:url\" content=\"https:\/\/sensomat.com.tr\/urun\/6ag1124-0gc13-2ax0-siemens-hmi-ekran\/\" \/>\n<meta property=\"og:site_name\" content=\"Sensomat Otomasyon\" \/>\n<meta property=\"article:publisher\" content=\"https:\/\/www.facebook.com\/people\/Sensomat-Sensr-Ve-Otomasyon-Teknolojileri\/61558049040292\/#\" \/>\n<meta property=\"article:modified_time\" content=\"2024-11-02T13:01:55+00:00\" \/>\n<meta property=\"og:image\" content=\"https:\/\/sensomat.com.tr\/wp-content\/uploads\/2024\/11\/6AG1124-0GC13-2AX0-1.jpg\" \/>\n\t<meta property=\"og:image:width\" content=\"462\" \/>\n\t<meta property=\"og:image:height\" content=\"462\" \/>\n\t<meta property=\"og:image:type\" content=\"image\/jpeg\" \/>\n<meta name=\"twitter:card\" content=\"summary_large_image\" \/>\n<meta name=\"twitter:label1\" content=\"Tahmini okuma s\u00fcresi\" \/>\n\t<meta name=\"twitter:data1\" content=\"3 dakika\" \/>\n<script type=\"application\/ld+json\" class=\"yoast-schema-graph\">{\"@context\":\"https:\/\/schema.org\",\"@graph\":[{\"@type\":\"WebPage\",\"@id\":\"https:\/\/sensomat.com.tr\/urun\/6ag1124-0gc13-2ax0-siemens-hmi-ekran\/\",\"url\":\"https:\/\/sensomat.com.tr\/urun\/6ag1124-0gc13-2ax0-siemens-hmi-ekran\/\",\"name\":\"6AG1124-0GC13-2AX0 SIEMENS HMI EKRAN - Sensomat Otomasyon\",\"isPartOf\":{\"@id\":\"https:\/\/sensomat.com.tr\/#website\"},\"primaryImageOfPage\":{\"@id\":\"https:\/\/sensomat.com.tr\/urun\/6ag1124-0gc13-2ax0-siemens-hmi-ekran\/#primaryimage\"},\"image\":{\"@id\":\"https:\/\/sensomat.com.tr\/urun\/6ag1124-0gc13-2ax0-siemens-hmi-ekran\/#primaryimage\"},\"thumbnailUrl\":\"https:\/\/sensomat.com.tr\/eski\/wp-content\/uploads\/2024\/11\/6AG1124-0GC13-2AX0-1.jpg\",\"datePublished\":\"2024-11-02T13:01:54+00:00\",\"dateModified\":\"2024-11-02T13:01:55+00:00\",\"description\":\"6AG1124-0GC13-2AX0 SIEMENS HMI EKRAN i\u00e7in Bursa Ofisimiz ile ileti\u015fime ge\u00e7ip uzman kadromuzdan teknik destek al\u0131p online sipari\u015f olu\u015fturabilirsiniz.\",\"breadcrumb\":{\"@id\":\"https:\/\/sensomat.com.tr\/urun\/6ag1124-0gc13-2ax0-siemens-hmi-ekran\/#breadcrumb\"},\"inLanguage\":\"tr\",\"potentialAction\":[{\"@type\":\"ReadAction\",\"target\":[\"https:\/\/sensomat.com.tr\/urun\/6ag1124-0gc13-2ax0-siemens-hmi-ekran\/\"]}]},{\"@type\":\"ImageObject\",\"inLanguage\":\"tr\",\"@id\":\"https:\/\/sensomat.com.tr\/urun\/6ag1124-0gc13-2ax0-siemens-hmi-ekran\/#primaryimage\",\"url\":\"https:\/\/sensomat.com.tr\/eski\/wp-content\/uploads\/2024\/11\/6AG1124-0GC13-2AX0-1.jpg\",\"contentUrl\":\"https:\/\/sensomat.com.tr\/eski\/wp-content\/uploads\/2024\/11\/6AG1124-0GC13-2AX0-1.jpg\",\"width\":462,\"height\":462,\"caption\":\"6AG1124-0GC13-2AX0\"},{\"@type\":\"BreadcrumbList\",\"@id\":\"https:\/\/sensomat.com.tr\/urun\/6ag1124-0gc13-2ax0-siemens-hmi-ekran\/#breadcrumb\",\"itemListElement\":[{\"@type\":\"ListItem\",\"position\":1,\"name\":\"Home\",\"item\":\"https:\/\/sensomat.com.tr\/\"},{\"@type\":\"ListItem\",\"position\":2,\"name\":\"Ma\u011faza\",\"item\":\"https:\/\/sensomat.com.tr\/magaza\/\"},{\"@type\":\"ListItem\",\"position\":3,\"name\":\"6AG1124-0GC13-2AX0 SIEMENS HMI EKRAN\"}]},{\"@type\":\"WebSite\",\"@id\":\"https:\/\/sensomat.com.tr\/#website\",\"url\":\"https:\/\/sensomat.com.tr\/\",\"name\":\"Sensomat Otomasyon\",\"description\":\"Sensomat - T\u00fcrkiye&#039;nin Lider Otomasyon Tedarik\u00e7isi\",\"publisher\":{\"@id\":\"https:\/\/sensomat.com.tr\/#organization\"},\"potentialAction\":[{\"@type\":\"SearchAction\",\"target\":{\"@type\":\"EntryPoint\",\"urlTemplate\":\"https:\/\/sensomat.com.tr\/?s={search_term_string}\"},\"query-input\":{\"@type\":\"PropertyValueSpecification\",\"valueRequired\":true,\"valueName\":\"search_term_string\"}}],\"inLanguage\":\"tr\"},{\"@type\":\"Organization\",\"@id\":\"https:\/\/sensomat.com.tr\/#organization\",\"name\":\"Sensomat Otomasyon\",\"url\":\"https:\/\/sensomat.com.tr\/\",\"logo\":{\"@type\":\"ImageObject\",\"inLanguage\":\"tr\",\"@id\":\"https:\/\/sensomat.com.tr\/#\/schema\/logo\/image\/\",\"url\":\"https:\/\/sensomat.com.tr\/wp-content\/uploads\/2024\/09\/logo-sensomat.png\",\"contentUrl\":\"https:\/\/sensomat.com.tr\/wp-content\/uploads\/2024\/09\/logo-sensomat.png\",\"width\":1536,\"height\":216,\"caption\":\"Sensomat Otomasyon\"},\"image\":{\"@id\":\"https:\/\/sensomat.com.tr\/#\/schema\/logo\/image\/\"},\"sameAs\":[\"https:\/\/www.facebook.com\/people\/Sensomat-Sensr-Ve-Otomasyon-Teknolojileri\/61558049040292\/#\",\"https:\/\/www.linkedin.com\/company\/sensomat-sensr-ve-otomasyon-teknolojileri-san-tic-ltd-ti\/about\/\",\"https:\/\/www.instagram.com\/sensomat16\/\"]}]}<\/script>\n<!-- \/ Yoast SEO Premium plugin. -->","yoast_head_json":{"title":"6AG1124-0GC13-2AX0 SIEMENS HMI EKRAN - Sensomat Otomasyon","description":"6AG1124-0GC13-2AX0 SIEMENS HMI EKRAN i\u00e7in Bursa Ofisimiz ile ileti\u015fime ge\u00e7ip uzman kadromuzdan teknik destek al\u0131p online sipari\u015f olu\u015fturabilirsiniz.","robots":{"index":"index","follow":"follow","max-snippet":"max-snippet:-1","max-image-preview":"max-image-preview:large","max-video-preview":"max-video-preview:-1"},"canonical":"https:\/\/sensomat.com.tr\/urun\/6ag1124-0gc13-2ax0-siemens-hmi-ekran\/","og_locale":"tr_TR","og_type":"article","og_title":"6AG1124-0GC13-2AX0 SIEMENS HMI EKRAN","og_description":"6AG1124-0GC13-2AX0 SIEMENS HMI EKRAN i\u00e7in Bursa Ofisimiz ile ileti\u015fime ge\u00e7ip uzman kadromuzdan teknik destek al\u0131p online sipari\u015f olu\u015fturabilirsiniz.","og_url":"https:\/\/sensomat.com.tr\/urun\/6ag1124-0gc13-2ax0-siemens-hmi-ekran\/","og_site_name":"Sensomat Otomasyon","article_publisher":"https:\/\/www.facebook.com\/people\/Sensomat-Sensr-Ve-Otomasyon-Teknolojileri\/61558049040292\/#","article_modified_time":"2024-11-02T13:01:55+00:00","og_image":[{"width":462,"height":462,"url":"https:\/\/sensomat.com.tr\/wp-content\/uploads\/2024\/11\/6AG1124-0GC13-2AX0-1.jpg","type":"image\/jpeg"}],"twitter_card":"summary_large_image","twitter_misc":{"Tahmini okuma s\u00fcresi":"3 dakika"},"schema":{"@context":"https:\/\/schema.org","@graph":[{"@type":"WebPage","@id":"https:\/\/sensomat.com.tr\/urun\/6ag1124-0gc13-2ax0-siemens-hmi-ekran\/","url":"https:\/\/sensomat.com.tr\/urun\/6ag1124-0gc13-2ax0-siemens-hmi-ekran\/","name":"6AG1124-0GC13-2AX0 SIEMENS HMI EKRAN - Sensomat Otomasyon","isPartOf":{"@id":"https:\/\/sensomat.com.tr\/#website"},"primaryImageOfPage":{"@id":"https:\/\/sensomat.com.tr\/urun\/6ag1124-0gc13-2ax0-siemens-hmi-ekran\/#primaryimage"},"image":{"@id":"https:\/\/sensomat.com.tr\/urun\/6ag1124-0gc13-2ax0-siemens-hmi-ekran\/#primaryimage"},"thumbnailUrl":"https:\/\/sensomat.com.tr\/eski\/wp-content\/uploads\/2024\/11\/6AG1124-0GC13-2AX0-1.jpg","datePublished":"2024-11-02T13:01:54+00:00","dateModified":"2024-11-02T13:01:55+00:00","description":"6AG1124-0GC13-2AX0 SIEMENS HMI EKRAN i\u00e7in Bursa Ofisimiz ile ileti\u015fime ge\u00e7ip uzman kadromuzdan teknik destek al\u0131p online sipari\u015f olu\u015fturabilirsiniz.","breadcrumb":{"@id":"https:\/\/sensomat.com.tr\/urun\/6ag1124-0gc13-2ax0-siemens-hmi-ekran\/#breadcrumb"},"inLanguage":"tr","potentialAction":[{"@type":"ReadAction","target":["https:\/\/sensomat.com.tr\/urun\/6ag1124-0gc13-2ax0-siemens-hmi-ekran\/"]}]},{"@type":"ImageObject","inLanguage":"tr","@id":"https:\/\/sensomat.com.tr\/urun\/6ag1124-0gc13-2ax0-siemens-hmi-ekran\/#primaryimage","url":"https:\/\/sensomat.com.tr\/eski\/wp-content\/uploads\/2024\/11\/6AG1124-0GC13-2AX0-1.jpg","contentUrl":"https:\/\/sensomat.com.tr\/eski\/wp-content\/uploads\/2024\/11\/6AG1124-0GC13-2AX0-1.jpg","width":462,"height":462,"caption":"6AG1124-0GC13-2AX0"},{"@type":"BreadcrumbList","@id":"https:\/\/sensomat.com.tr\/urun\/6ag1124-0gc13-2ax0-siemens-hmi-ekran\/#breadcrumb","itemListElement":[{"@type":"ListItem","position":1,"name":"Home","item":"https:\/\/sensomat.com.tr\/"},{"@type":"ListItem","position":2,"name":"Ma\u011faza","item":"https:\/\/sensomat.com.tr\/magaza\/"},{"@type":"ListItem","position":3,"name":"6AG1124-0GC13-2AX0 SIEMENS HMI EKRAN"}]},{"@type":"WebSite","@id":"https:\/\/sensomat.com.tr\/#website","url":"https:\/\/sensomat.com.tr\/","name":"Sensomat Otomasyon","description":"Sensomat - T\u00fcrkiye&#039;nin Lider Otomasyon Tedarik\u00e7isi","publisher":{"@id":"https:\/\/sensomat.com.tr\/#organization"},"potentialAction":[{"@type":"SearchAction","target":{"@type":"EntryPoint","urlTemplate":"https:\/\/sensomat.com.tr\/?s={search_term_string}"},"query-input":{"@type":"PropertyValueSpecification","valueRequired":true,"valueName":"search_term_string"}}],"inLanguage":"tr"},{"@type":"Organization","@id":"https:\/\/sensomat.com.tr\/#organization","name":"Sensomat Otomasyon","url":"https:\/\/sensomat.com.tr\/","logo":{"@type":"ImageObject","inLanguage":"tr","@id":"https:\/\/sensomat.com.tr\/#\/schema\/logo\/image\/","url":"https:\/\/sensomat.com.tr\/wp-content\/uploads\/2024\/09\/logo-sensomat.png","contentUrl":"https:\/\/sensomat.com.tr\/wp-content\/uploads\/2024\/09\/logo-sensomat.png","width":1536,"height":216,"caption":"Sensomat Otomasyon"},"image":{"@id":"https:\/\/sensomat.com.tr\/#\/schema\/logo\/image\/"},"sameAs":["https:\/\/www.facebook.com\/people\/Sensomat-Sensr-Ve-Otomasyon-Teknolojileri\/61558049040292\/#","https:\/\/www.linkedin.com\/company\/sensomat-sensr-ve-otomasyon-teknolojileri-san-tic-ltd-ti\/about\/","https:\/\/www.instagram.com\/sensomat16\/"]}]}},"_links":{"self":[{"href":"https:\/\/sensomat.com.tr\/eski\/wp-json\/wp\/v2\/product\/28682","targetHints":{"allow":["GET"]}}],"collection":[{"href":"https:\/\/sensomat.com.tr\/eski\/wp-json\/wp\/v2\/product"}],"about":[{"href":"https:\/\/sensomat.com.tr\/eski\/wp-json\/wp\/v2\/types\/product"}],"replies":[{"embeddable":true,"href":"https:\/\/sensomat.com.tr\/eski\/wp-json\/wp\/v2\/comments?post=28682"}],"version-history":[{"count":1,"href":"https:\/\/sensomat.com.tr\/eski\/wp-json\/wp\/v2\/product\/28682\/revisions"}],"predecessor-version":[{"id":28715,"href":"https:\/\/sensomat.com.tr\/eski\/wp-json\/wp\/v2\/product\/28682\/revisions\/28715"}],"wp:featuredmedia":[{"embeddable":true,"href":"https:\/\/sensomat.com.tr\/eski\/wp-json\/wp\/v2\/media\/28701"}],"wp:attachment":[{"href":"https:\/\/sensomat.com.tr\/eski\/wp-json\/wp\/v2\/media?parent=28682"}],"wp:term":[{"taxonomy":"product_brand","embeddable":true,"href":"https:\/\/sensomat.com.tr\/eski\/wp-json\/wp\/v2\/product_brand?post=28682"},{"taxonomy":"product_cat","embeddable":true,"href":"https:\/\/sensomat.com.tr\/eski\/wp-json\/wp\/v2\/product_cat?post=28682"},{"taxonomy":"product_tag","embeddable":true,"href":"https:\/\/sensomat.com.tr\/eski\/wp-json\/wp\/v2\/product_tag?post=28682"}],"curies":[{"name":"wp","href":"https:\/\/api.w.org\/{rel}","templated":true}]}}